{"id":1091,"date":"2021-08-10T11:08:11","date_gmt":"2021-08-10T09:08:11","guid":{"rendered":"https:\/\/buergerplattform-chemnitz-mitte.de\/?page_id=1091"},"modified":"2021-08-10T11:08:12","modified_gmt":"2021-08-10T09:08:12","slug":"mallow-alte-gebaeude-neue-musik","status":"publish","type":"page","link":"https:\/\/buergerplattform-chemnitz-mitte.de\/?page_id=1091","title":{"rendered":"MALLOW &#8211; Alte Geb\u00e4ude, neue Musik"},"content":{"rendered":"\n<p>Hardrock mit Chor in der Johanniskirche &#8211; Live-Session einer jungen, modernen, harten Band mit einem Chemnitzer Chor in einer wundersch\u00f6nen Kirche<\/p>\n\n\n\n<p>Die Auswirkungen einer globalen Pandemie ermutigen viele Branchen zu neuen Ideen und laden zum freien Ausprobieren ein. Die Veranstaltungsbranche befindet sich seit einem Jahr im vollst\u00e4ndigen Lockdown und sehnt sich nach neuen Ufern, wie das Kulturleben weitergehen kann. Mit Hilfe von Videoinhalten und Livestreams auf modernen Plattformen wie YouTube, Facebook und Instagram sehen Bands eine neue M\u00f6glichkeit um ihr Publikum zu erreichen und zus\u00e4tzlich mit diesem direkt in Kontakt zu treten.<\/p>\n\n\n\n<p>Die Live-Session in der Johanniskirche inkludiert die Chance, Zuschauer aus den Kulturkreisen der Stadtteile und junges Publikum aus dem Umfeld der Band und des Chores zusammenzubringen und vor allem mit den optischen und akustischen Gegebenheiten der Location einen interessanten Faktor und Mehrwert f\u00fcr die Zuschauenden zu erzeugen.<\/p>\n\n\n\n<p>Ziel ist die Produktion 15- bis 25-mn\u00fctigen Live-Session, welche sp\u00e4ter als Livestream erstver\u00f6ffentlicht wird und danach als Video verf\u00fcgbar ist.<\/p>\n\n\n\n<p>F\u00fcr die Produktion werden Songs der Hardrockband MALLOW gemeinsam mit dem Chor Poptales arrangiert.<\/p>\n\n\n\n<p>Zeitraum: April &#8211; Juni 2021<\/p>\n\n\n\n<p>F\u00f6rderung durch die B\u00fcrgerplattform Chemnitz-Mitte in H\u00f6he von 3.000,00 Euro.<\/p>\n\n\n\n<p><\/p>\n\n\n\n<p><\/p>\n\n\n\n<p> <\/p>\n\n\n\n<p><\/p>\n","protected":false},"excerpt":{"rendered":"<p>Hardrock mit Chor in der Johanniskirche &#8211; Live-Session einer jungen, modernen, harten Band mit einem Chemnitzer Chor in einer wundersch\u00f6nen Kirche Die Auswirkungen einer globalen Pandemie ermutigen viele Branchen zu neuen Ideen und laden zum freien Ausprobieren ein. Die Veranstaltungsbranche<\/p>\n","protected":false},"author":1,"featured_media":0,"parent":0,"menu_order":0,"comment_status":"closed","ping_status":"closed","template":"","meta":{"footnotes":""},"class_list":["post-1091","page","type-page","status-publish","hentry"],"_links":{"self":[{"href":"https:\/\/buergerplattform-chemnitz-mitte.de\/index.php?rest_route=\/wp\/v2\/pages\/1091","targetHints":{"allow":["GET"]}}],"collection":[{"href":"https:\/\/buergerplattform-chemnitz-mitte.de\/index.php?rest_route=\/wp\/v2\/pages"}],"about":[{"href":"https:\/\/buergerplattform-chemnitz-mitte.de\/index.php?rest_route=\/wp\/v2\/types\/page"}],"author":[{"embeddable":true,"href":"https:\/\/buergerplattform-chemnitz-mitte.de\/index.php?rest_route=\/wp\/v2\/users\/1"}],"replies":[{"embeddable":true,"href":"https:\/\/buergerplattform-chemnitz-mitte.de\/index.php?rest_route=%2Fwp%2Fv2%2Fcomments&post=1091"}],"version-history":[{"count":1,"href":"https:\/\/buergerplattform-chemnitz-mitte.de\/index.php?rest_route=\/wp\/v2\/pages\/1091\/revisions"}],"predecessor-version":[{"id":1093,"href":"https:\/\/buergerplattform-chemnitz-mitte.de\/index.php?rest_route=\/wp\/v2\/pages\/1091\/revisions\/1093"}],"wp:attachment":[{"href":"https:\/\/buergerplattform-chemnitz-mitte.de\/index.php?rest_route=%2Fwp%2Fv2%2Fmedia&parent=1091"}],"curies":[{"name":"wp","href":"https:\/\/api.w.org\/{rel}","templated":true}]}}