{"id":1100,"date":"2021-08-10T11:24:38","date_gmt":"2021-08-10T09:24:38","guid":{"rendered":"https:\/\/buergerplattform-chemnitz-mitte.de\/?page_id=1100"},"modified":"2021-08-10T11:24:39","modified_gmt":"2021-08-10T09:24:39","slug":"freilichtkino-im-tuffner-hof","status":"publish","type":"page","link":"https:\/\/buergerplattform-chemnitz-mitte.de\/?page_id=1100","title":{"rendered":"Freilichtkino im Tuffner Hof"},"content":{"rendered":"\n<p>Auch in diesem Jahr laden die Macher:innen des Kino Metropol die Chemnitzer:innen zu exklusiven Freilichtkino-Abenden ein und hoffen trotz Infektionsschutz-Vorgaben auf wundersch\u00f6ne N\u00e4chte im lauschigen Tuffner Hof. <\/p>\n\n\n\n<p>Eine spannende Mischung von Filmklassikern, aktuellen Chartbreakern und der ein oder anderen filmischen Entdeckung erwartet die Besucher:innen. <\/p>\n\n\n\n<p>Da durch die Hygienemassnahmen nur maximal 60 Sitzpl\u00e4tze zur Verf\u00fcgung stehen und trotz intensiver aber letztlich gescheiterter Bem\u00fchungen um Sponsorengelder f\u00fcr dieses Jahr die Finanzierung analog der Jahre 2019 und 2020 nicht m\u00f6glich ist, bitten die Projekttr\u00e4ger die B\u00fcrgerplattform Chemnitz-Mitte um Unterst\u00fctzung.<\/p>\n\n\n\n<p>Zeitraum: 02. Juli &#8211; 14. August 2021<\/p>\n\n\n\n<p>F\u00f6rderung durch die B\u00fcrgerplattform Chemnitz-Mitte in H\u00f6he von 6.560,00 Euro.<\/p>\n","protected":false},"excerpt":{"rendered":"<p>Auch in diesem Jahr laden die Macher:innen des Kino Metropol die Chemnitzer:innen zu exklusiven Freilichtkino-Abenden ein und hoffen trotz Infektionsschutz-Vorgaben auf wundersch\u00f6ne N\u00e4chte im lauschigen Tuffner Hof. Eine spannende Mischung von Filmklassikern, aktuellen Chartbreakern und der ein oder anderen filmischen<\/p>\n","protected":false},"author":1,"featured_media":0,"parent":0,"menu_order":0,"comment_status":"closed","ping_status":"closed","template":"","meta":{"footnotes":""},"class_list":["post-1100","page","type-page","status-publish","hentry"],"_links":{"self":[{"href":"https:\/\/buergerplattform-chemnitz-mitte.de\/index.php?rest_route=\/wp\/v2\/pages\/1100","targetHints":{"allow":["GET"]}}],"collection":[{"href":"https:\/\/buergerplattform-chemnitz-mitte.de\/index.php?rest_route=\/wp\/v2\/pages"}],"about":[{"href":"https:\/\/buergerplattform-chemnitz-mitte.de\/index.php?rest_route=\/wp\/v2\/types\/page"}],"author":[{"embeddable":true,"href":"https:\/\/buergerplattform-chemnitz-mitte.de\/index.php?rest_route=\/wp\/v2\/users\/1"}],"replies":[{"embeddable":true,"href":"https:\/\/buergerplattform-chemnitz-mitte.de\/index.php?rest_route=%2Fwp%2Fv2%2Fcomments&post=1100"}],"version-history":[{"count":1,"href":"https:\/\/buergerplattform-chemnitz-mitte.de\/index.php?rest_route=\/wp\/v2\/pages\/1100\/revisions"}],"predecessor-version":[{"id":1102,"href":"https:\/\/buergerplattform-chemnitz-mitte.de\/index.php?rest_route=\/wp\/v2\/pages\/1100\/revisions\/1102"}],"wp:attachment":[{"href":"https:\/\/buergerplattform-chemnitz-mitte.de\/index.php?rest_route=%2Fwp%2Fv2%2Fmedia&parent=1100"}],"curies":[{"name":"wp","href":"https:\/\/api.w.org\/{rel}","templated":true}]}}