{"id":1103,"date":"2021-08-10T11:37:37","date_gmt":"2021-08-10T09:37:37","guid":{"rendered":"https:\/\/buergerplattform-chemnitz-mitte.de\/?page_id=1103"},"modified":"2021-08-10T11:37:38","modified_gmt":"2021-08-10T09:37:38","slug":"kuefaopenair","status":"publish","type":"page","link":"https:\/\/buergerplattform-chemnitz-mitte.de\/?page_id=1103","title":{"rendered":"&#8222;K\u00fcfAOpenAir&#8220;"},"content":{"rendered":"\n<p>In einer Kooperation zwischen den AJZ Streetworker:innen und dem Subbotnik e.V. soll am 13. August 2021 zwischen 16.00 und 20 Uhr ein \u201eK\u00fcfA OpenAir\u201c (K\u00fcche f\u00fcr Alle) im Auepark durchgef\u00fchrt werden. <\/p>\n\n\n\n<p>Grundansatz der &#8222;K\u00fcche f\u00fcr Alle&#8220;- Bewegung ist das gemeinsame Kochen und Essen. Aufgrund der momentanen pandemiebedingten Situation wird das Zubereiten und Abpacken der Mahlzeit unter Hygieneauflagen im Subbotnik erfolgen. <\/p>\n\n\n\n<p>Gemeinsam gegessen wird dann im Auepark. Zwei DJ* sorgen f\u00fcr ein abwechslungsreiches und an die Nutzer*innen angepasstes Musikerlebnis. Neben dem gemeinsamen Essen stehen diverse Sport- und Spielmaterialien zur Verf\u00fcgung. Bei diesem kulturellen Programm stehen Willkommenskultur, Weltoffenheit und Vielfalt im Vordergrund. <\/p>\n\n\n\n<p>Ziel dieser Veranstaltung ist es, jungen Menschen verschiedener Religionen, Herkunftsl\u00e4nder und Kulturen in einem besonderen und einmaligen Umfeld die M\u00f6glichkeit zu schaffen, sich kennenzulernen und sich auszutauschen \u2013 oder einfach gesagt: Zusammen essen, das Tanzbein schwingen und nette Leute kennenlernen.<\/p>\n\n\n\n<p>Zeitraum: 13. August 2021<\/p>\n\n\n\n<p>F\u00f6rderung durch die B\u00fcrgerplattform Chemnitz-Mitte in H\u00f6he von 1.000,00 Euro.<\/p>\n","protected":false},"excerpt":{"rendered":"<p>In einer Kooperation zwischen den AJZ Streetworker:innen und dem Subbotnik e.V. soll am 13. August 2021 zwischen 16.00 und 20 Uhr ein \u201eK\u00fcfA OpenAir\u201c (K\u00fcche f\u00fcr Alle) im Auepark durchgef\u00fchrt werden. Grundansatz der &#8222;K\u00fcche f\u00fcr Alle&#8220;- Bewegung ist das gemeinsame<\/p>\n","protected":false},"author":1,"featured_media":0,"parent":0,"menu_order":0,"comment_status":"closed","ping_status":"closed","template":"","meta":{"footnotes":""},"class_list":["post-1103","page","type-page","status-publish","hentry"],"_links":{"self":[{"href":"https:\/\/buergerplattform-chemnitz-mitte.de\/index.php?rest_route=\/wp\/v2\/pages\/1103","targetHints":{"allow":["GET"]}}],"collection":[{"href":"https:\/\/buergerplattform-chemnitz-mitte.de\/index.php?rest_route=\/wp\/v2\/pages"}],"about":[{"href":"https:\/\/buergerplattform-chemnitz-mitte.de\/index.php?rest_route=\/wp\/v2\/types\/page"}],"author":[{"embeddable":true,"href":"https:\/\/buergerplattform-chemnitz-mitte.de\/index.php?rest_route=\/wp\/v2\/users\/1"}],"replies":[{"embeddable":true,"href":"https:\/\/buergerplattform-chemnitz-mitte.de\/index.php?rest_route=%2Fwp%2Fv2%2Fcomments&post=1103"}],"version-history":[{"count":1,"href":"https:\/\/buergerplattform-chemnitz-mitte.de\/index.php?rest_route=\/wp\/v2\/pages\/1103\/revisions"}],"predecessor-version":[{"id":1105,"href":"https:\/\/buergerplattform-chemnitz-mitte.de\/index.php?rest_route=\/wp\/v2\/pages\/1103\/revisions\/1105"}],"wp:attachment":[{"href":"https:\/\/buergerplattform-chemnitz-mitte.de\/index.php?rest_route=%2Fwp%2Fv2%2Fmedia&parent=1103"}],"curies":[{"name":"wp","href":"https:\/\/api.w.org\/{rel}","templated":true}]}}