{"id":1106,"date":"2021-08-10T11:47:23","date_gmt":"2021-08-10T09:47:23","guid":{"rendered":"https:\/\/buergerplattform-chemnitz-mitte.de\/?page_id=1106"},"modified":"2021-08-10T11:47:24","modified_gmt":"2021-08-10T09:47:24","slug":"perspektivwandel_n","status":"publish","type":"page","link":"https:\/\/buergerplattform-chemnitz-mitte.de\/?page_id=1106","title":{"rendered":"Perspektivwandel_n"},"content":{"rendered":"\n<p>Unter dem Motto &#8222;Perspektivwandel_n&#8220; wird der Bordsteinlobby e.V. explorative und teilweise angeleitete Erkundungen im Stadtraum veranstalten, die die Ausdrucksweisen des \u201eSt\u00e4dtischen\u201c unter die Lupe nehmen. Mithilfe verschiedener kooperativer Methoden wird auf den Spazierg\u00e4ngen durch die Stadtviertel Bernsdorf, Lutherviertel und Zentrum experimentiert. <\/p>\n\n\n\n<p>Der Fokus liegt dabei darauf, was die die Stadtteile alles \u00fcber sich, ihre Bewohner:innen und Diskurse erz\u00e4hlen k\u00f6nnen. Die Teilnehmenden werden Aufklebern, Graffiti,<br>Stra\u00dfenger\u00e4uchen und dem Tastsinn folgen, um so St\u00fcck f\u00fcr St\u00fcck in die ganz eigene Erz\u00e4hlwelt der Stadtteile einzutauchen. Um m\u00f6glichst verschiedene Perspektiven einzufangen, zusammenzuf\u00fchren und ins Gespr\u00e4ch zu kommen, werden die Teilnehmer:innen in Gruppen eingeteilt und mit Aufgaben auf die begleitete Reise geschickt. <\/p>\n\n\n\n<p>Daf\u00fcr werden Materialien wie beispielsweise eine Polaroidkamera (sehen) oder ein Aufnahmeger\u00e4t (h\u00f6ren) bereitgestellt. Zum Abschluss der jeweiligen Erkundungen kommen alle wieder in der gro\u00dfen Gruppe zusammen und reflektieren das Erlebte. <br><\/p>\n\n\n\n<p>Zeitraum: 21. Juli 2021<\/p>\n\n\n\n<p>F\u00f6rderung durch die B\u00fcrgerplattform Chemnitz-Mitte in H\u00f6he von 300,00 Euro.<\/p>\n","protected":false},"excerpt":{"rendered":"<p>Unter dem Motto &#8222;Perspektivwandel_n&#8220; wird der Bordsteinlobby e.V. explorative und teilweise angeleitete Erkundungen im Stadtraum veranstalten, die die Ausdrucksweisen des \u201eSt\u00e4dtischen\u201c unter die Lupe nehmen. Mithilfe verschiedener kooperativer Methoden wird auf den Spazierg\u00e4ngen durch die Stadtviertel Bernsdorf, Lutherviertel und Zentrum<\/p>\n","protected":false},"author":1,"featured_media":0,"parent":0,"menu_order":0,"comment_status":"closed","ping_status":"closed","template":"","meta":{"footnotes":""},"class_list":["post-1106","page","type-page","status-publish","hentry"],"_links":{"self":[{"href":"https:\/\/buergerplattform-chemnitz-mitte.de\/index.php?rest_route=\/wp\/v2\/pages\/1106","targetHints":{"allow":["GET"]}}],"collection":[{"href":"https:\/\/buergerplattform-chemnitz-mitte.de\/index.php?rest_route=\/wp\/v2\/pages"}],"about":[{"href":"https:\/\/buergerplattform-chemnitz-mitte.de\/index.php?rest_route=\/wp\/v2\/types\/page"}],"author":[{"embeddable":true,"href":"https:\/\/buergerplattform-chemnitz-mitte.de\/index.php?rest_route=\/wp\/v2\/users\/1"}],"replies":[{"embeddable":true,"href":"https:\/\/buergerplattform-chemnitz-mitte.de\/index.php?rest_route=%2Fwp%2Fv2%2Fcomments&post=1106"}],"version-history":[{"count":1,"href":"https:\/\/buergerplattform-chemnitz-mitte.de\/index.php?rest_route=\/wp\/v2\/pages\/1106\/revisions"}],"predecessor-version":[{"id":1108,"href":"https:\/\/buergerplattform-chemnitz-mitte.de\/index.php?rest_route=\/wp\/v2\/pages\/1106\/revisions\/1108"}],"wp:attachment":[{"href":"https:\/\/buergerplattform-chemnitz-mitte.de\/index.php?rest_route=%2Fwp%2Fv2%2Fmedia&parent=1106"}],"curies":[{"name":"wp","href":"https:\/\/api.w.org\/{rel}","templated":true}]}}