{"id":1186,"date":"2022-06-14T13:59:53","date_gmt":"2022-06-14T11:59:53","guid":{"rendered":"https:\/\/buergerplattform-chemnitz-mitte.de\/?page_id=1186"},"modified":"2022-06-14T13:59:53","modified_gmt":"2022-06-14T11:59:53","slug":"bruehlgefluester","status":"publish","type":"page","link":"https:\/\/buergerplattform-chemnitz-mitte.de\/?page_id=1186","title":{"rendered":"Br\u00fchlgefl\u00fcster"},"content":{"rendered":"\n<p>Br\u00fc\u0308hlgefl\u00fc\u0308ster \u2013 ein Podcast mit Geschichten aus und f\u00fc\u0308r Chemnitz. <\/p>\n\n\n\n<p>Er soll den Menschen die Stadt Chemnitz mit allen Facetten n\u00e4her bringen und einen Einblick hinter die Kulissen von Sport, Gastronomie, Unternehmen etc. geben.<\/p>\n\n\n\n<p>Zeitraum: Ganzj\u00e4hrig<\/p>\n\n\n\n<p>F\u00f6rderung durch die B\u00fcrgerplattform Chemnitz-Mitte in H\u00f6he von 1.900,00 Euro.<\/p>\n","protected":false},"excerpt":{"rendered":"<p>Br\u00fc\u0308hlgefl\u00fc\u0308ster \u2013 ein Podcast mit Geschichten aus und f\u00fc\u0308r Chemnitz. Er soll den Menschen die Stadt Chemnitz mit allen Facetten n\u00e4her bringen und einen Einblick hinter die Kulissen von Sport, Gastronomie, Unternehmen etc. geben. Zeitraum: Ganzj\u00e4hrig F\u00f6rderung durch die B\u00fcrgerplattform<\/p>\n","protected":false},"author":1,"featured_media":0,"parent":0,"menu_order":0,"comment_status":"closed","ping_status":"closed","template":"","meta":{"footnotes":""},"class_list":["post-1186","page","type-page","status-publish","hentry"],"_links":{"self":[{"href":"https:\/\/buergerplattform-chemnitz-mitte.de\/index.php?rest_route=\/wp\/v2\/pages\/1186","targetHints":{"allow":["GET"]}}],"collection":[{"href":"https:\/\/buergerplattform-chemnitz-mitte.de\/index.php?rest_route=\/wp\/v2\/pages"}],"about":[{"href":"https:\/\/buergerplattform-chemnitz-mitte.de\/index.php?rest_route=\/wp\/v2\/types\/page"}],"author":[{"embeddable":true,"href":"https:\/\/buergerplattform-chemnitz-mitte.de\/index.php?rest_route=\/wp\/v2\/users\/1"}],"replies":[{"embeddable":true,"href":"https:\/\/buergerplattform-chemnitz-mitte.de\/index.php?rest_route=%2Fwp%2Fv2%2Fcomments&post=1186"}],"version-history":[{"count":1,"href":"https:\/\/buergerplattform-chemnitz-mitte.de\/index.php?rest_route=\/wp\/v2\/pages\/1186\/revisions"}],"predecessor-version":[{"id":1187,"href":"https:\/\/buergerplattform-chemnitz-mitte.de\/index.php?rest_route=\/wp\/v2\/pages\/1186\/revisions\/1187"}],"wp:attachment":[{"href":"https:\/\/buergerplattform-chemnitz-mitte.de\/index.php?rest_route=%2Fwp%2Fv2%2Fmedia&parent=1186"}],"curies":[{"name":"wp","href":"https:\/\/api.w.org\/{rel}","templated":true}]}}