{"id":1189,"date":"2022-06-14T14:07:30","date_gmt":"2022-06-14T12:07:30","guid":{"rendered":"https:\/\/buergerplattform-chemnitz-mitte.de\/?page_id=1189"},"modified":"2022-06-14T14:07:31","modified_gmt":"2022-06-14T12:07:31","slug":"jakobi-bank","status":"publish","type":"page","link":"https:\/\/buergerplattform-chemnitz-mitte.de\/?page_id=1189","title":{"rendered":"Jakobi-Bank"},"content":{"rendered":"\n<p>Unter den Arkaden der Jakobikirche ist viel Raum. Um diesen wenig genutzten Ort etwas mehr zu beleben und G\u00e4ste sowie B\u00fcrger:innen einzuladen Platz zu nehmen, m\u00f6chte die Kirchgemeinde eine solide Bank aufstellen. <\/p>\n\n\n\n<p>Die Bank soll im Rahmen des Hutfestivals 2022 den Chemnitzer:innen \u00fcbergeben werden, Kinder und Besucher:innen des Stra\u00dfenfestes sind dazu eingeladen sie zu bemalen. <\/p>\n\n\n\n<p>Zeitraum: Ganzj\u00e4hrig (ab Juni 2022)<\/p>\n\n\n\n<p>F\u00f6rderung durch die B\u00fcrgerplattform Chemnitz-Mitte in H\u00f6he von 800,00 Euro.<\/p>\n","protected":false},"excerpt":{"rendered":"<p>Unter den Arkaden der Jakobikirche ist viel Raum. Um diesen wenig genutzten Ort etwas mehr zu beleben und G\u00e4ste sowie B\u00fcrger:innen einzuladen Platz zu nehmen, m\u00f6chte die Kirchgemeinde eine solide Bank aufstellen. Die Bank soll im Rahmen des Hutfestivals 2022<\/p>\n","protected":false},"author":1,"featured_media":0,"parent":0,"menu_order":0,"comment_status":"closed","ping_status":"closed","template":"","meta":{"footnotes":""},"class_list":["post-1189","page","type-page","status-publish","hentry"],"_links":{"self":[{"href":"https:\/\/buergerplattform-chemnitz-mitte.de\/index.php?rest_route=\/wp\/v2\/pages\/1189","targetHints":{"allow":["GET"]}}],"collection":[{"href":"https:\/\/buergerplattform-chemnitz-mitte.de\/index.php?rest_route=\/wp\/v2\/pages"}],"about":[{"href":"https:\/\/buergerplattform-chemnitz-mitte.de\/index.php?rest_route=\/wp\/v2\/types\/page"}],"author":[{"embeddable":true,"href":"https:\/\/buergerplattform-chemnitz-mitte.de\/index.php?rest_route=\/wp\/v2\/users\/1"}],"replies":[{"embeddable":true,"href":"https:\/\/buergerplattform-chemnitz-mitte.de\/index.php?rest_route=%2Fwp%2Fv2%2Fcomments&post=1189"}],"version-history":[{"count":1,"href":"https:\/\/buergerplattform-chemnitz-mitte.de\/index.php?rest_route=\/wp\/v2\/pages\/1189\/revisions"}],"predecessor-version":[{"id":1191,"href":"https:\/\/buergerplattform-chemnitz-mitte.de\/index.php?rest_route=\/wp\/v2\/pages\/1189\/revisions\/1191"}],"wp:attachment":[{"href":"https:\/\/buergerplattform-chemnitz-mitte.de\/index.php?rest_route=%2Fwp%2Fv2%2Fmedia&parent=1189"}],"curies":[{"name":"wp","href":"https:\/\/api.w.org\/{rel}","templated":true}]}}