{"id":1192,"date":"2022-06-14T14:14:59","date_gmt":"2022-06-14T12:14:59","guid":{"rendered":"https:\/\/buergerplattform-chemnitz-mitte.de\/?page_id=1192"},"modified":"2022-06-14T14:15:00","modified_gmt":"2022-06-14T12:15:00","slug":"kiezatelier-no-1","status":"publish","type":"page","link":"https:\/\/buergerplattform-chemnitz-mitte.de\/?page_id=1192","title":{"rendered":"KiezAtelier No.1"},"content":{"rendered":"\n<p>Das Kiez Atelier No.1 im ehemaligen S\u00fcdbahnhof auf der Reichenhainer Stra\u00dfe 1 soll eine Kreativwerkstatt f\u00fcr Alle werden. Es sollen einige<br>Ger\u00e4te vorhanden sein und auch Hilfestellung bei der Projektplanung geleistet werden.  Anliegen der Projekteinreicher:innen ist es Menschen die M\u00f6glichkeit zu bieten, ihre kreativen ldeen umzusetzen und das Selbstvertrauen im analogen Tun zu st\u00e4rken. Das KiezAtelier organisiert sich nach Anmeldung und h\u00e4lt einen Tag in der Woche f\u00fcr Menschen im Alter von 3-10 Jahren frei.<\/p>\n\n\n\n<p>Zeitraum: Ganzj\u00e4hrig (ab Mai 2022)<\/p>\n\n\n\n<p>F\u00f6rderung durch die B\u00fcrgerplattform Chemnitz-Mitte in H\u00f6he von 940,00 Euro.<\/p>\n","protected":false},"excerpt":{"rendered":"<p>Das Kiez Atelier No.1 im ehemaligen S\u00fcdbahnhof auf der Reichenhainer Stra\u00dfe 1 soll eine Kreativwerkstatt f\u00fcr Alle werden. Es sollen einigeGer\u00e4te vorhanden sein und auch Hilfestellung bei der Projektplanung geleistet werden. Anliegen der Projekteinreicher:innen ist es Menschen die M\u00f6glichkeit zu<\/p>\n","protected":false},"author":1,"featured_media":0,"parent":0,"menu_order":0,"comment_status":"closed","ping_status":"closed","template":"","meta":{"footnotes":""},"class_list":["post-1192","page","type-page","status-publish","hentry"],"_links":{"self":[{"href":"https:\/\/buergerplattform-chemnitz-mitte.de\/index.php?rest_route=\/wp\/v2\/pages\/1192","targetHints":{"allow":["GET"]}}],"collection":[{"href":"https:\/\/buergerplattform-chemnitz-mitte.de\/index.php?rest_route=\/wp\/v2\/pages"}],"about":[{"href":"https:\/\/buergerplattform-chemnitz-mitte.de\/index.php?rest_route=\/wp\/v2\/types\/page"}],"author":[{"embeddable":true,"href":"https:\/\/buergerplattform-chemnitz-mitte.de\/index.php?rest_route=\/wp\/v2\/users\/1"}],"replies":[{"embeddable":true,"href":"https:\/\/buergerplattform-chemnitz-mitte.de\/index.php?rest_route=%2Fwp%2Fv2%2Fcomments&post=1192"}],"version-history":[{"count":1,"href":"https:\/\/buergerplattform-chemnitz-mitte.de\/index.php?rest_route=\/wp\/v2\/pages\/1192\/revisions"}],"predecessor-version":[{"id":1194,"href":"https:\/\/buergerplattform-chemnitz-mitte.de\/index.php?rest_route=\/wp\/v2\/pages\/1192\/revisions\/1194"}],"wp:attachment":[{"href":"https:\/\/buergerplattform-chemnitz-mitte.de\/index.php?rest_route=%2Fwp%2Fv2%2Fmedia&parent=1192"}],"curies":[{"name":"wp","href":"https:\/\/api.w.org\/{rel}","templated":true}]}}