{"id":1195,"date":"2022-06-14T14:22:54","date_gmt":"2022-06-14T12:22:54","guid":{"rendered":"https:\/\/buergerplattform-chemnitz-mitte.de\/?page_id=1195"},"modified":"2022-06-14T14:22:55","modified_gmt":"2022-06-14T12:22:55","slug":"muellspaziergang-im-lutherviertel","status":"publish","type":"page","link":"https:\/\/buergerplattform-chemnitz-mitte.de\/?page_id=1195","title":{"rendered":"&#8222;M\u00fcllspaziergang&#8220; im Lutherviertel"},"content":{"rendered":"\n<p>Den Kindern im Kindergarten PampelMuse (Bernhardstra\u00dfe 4) ist der viele M\u00fcll auf den Wegen und Wiesen rund um ihre Einrichtung aufgefallen und nun wollen sie gemeinsam etwas dagegen tun und in regelm\u00e4\u00dfigen Abst\u00e4nden, ausger\u00fcstet mit den hierf\u00fcr notwendigen Utensilien, bspw. M\u00fcllgreifern, Eimern und Schubkarren, im Lutherviertel f\u00fcr etwas mehr Sauberkeit sorgen.<\/p>\n\n\n\n<p>Zeitraum: Ganzj\u00e4hrig (ab Juni 2022)<\/p>\n\n\n\n<p>F\u00f6rderung durch die B\u00fcrgerplattform Chemnitz-Mitte in H\u00f6he von 595,00 Euro.<\/p>\n","protected":false},"excerpt":{"rendered":"<p>Den Kindern im Kindergarten PampelMuse (Bernhardstra\u00dfe 4) ist der viele M\u00fcll auf den Wegen und Wiesen rund um ihre Einrichtung aufgefallen und nun wollen sie gemeinsam etwas dagegen tun und in regelm\u00e4\u00dfigen Abst\u00e4nden, ausger\u00fcstet mit den hierf\u00fcr notwendigen Utensilien, bspw.<\/p>\n","protected":false},"author":1,"featured_media":0,"parent":0,"menu_order":0,"comment_status":"closed","ping_status":"closed","template":"","meta":{"footnotes":""},"class_list":["post-1195","page","type-page","status-publish","hentry"],"_links":{"self":[{"href":"https:\/\/buergerplattform-chemnitz-mitte.de\/index.php?rest_route=\/wp\/v2\/pages\/1195","targetHints":{"allow":["GET"]}}],"collection":[{"href":"https:\/\/buergerplattform-chemnitz-mitte.de\/index.php?rest_route=\/wp\/v2\/pages"}],"about":[{"href":"https:\/\/buergerplattform-chemnitz-mitte.de\/index.php?rest_route=\/wp\/v2\/types\/page"}],"author":[{"embeddable":true,"href":"https:\/\/buergerplattform-chemnitz-mitte.de\/index.php?rest_route=\/wp\/v2\/users\/1"}],"replies":[{"embeddable":true,"href":"https:\/\/buergerplattform-chemnitz-mitte.de\/index.php?rest_route=%2Fwp%2Fv2%2Fcomments&post=1195"}],"version-history":[{"count":1,"href":"https:\/\/buergerplattform-chemnitz-mitte.de\/index.php?rest_route=\/wp\/v2\/pages\/1195\/revisions"}],"predecessor-version":[{"id":1197,"href":"https:\/\/buergerplattform-chemnitz-mitte.de\/index.php?rest_route=\/wp\/v2\/pages\/1195\/revisions\/1197"}],"wp:attachment":[{"href":"https:\/\/buergerplattform-chemnitz-mitte.de\/index.php?rest_route=%2Fwp%2Fv2%2Fmedia&parent=1195"}],"curies":[{"name":"wp","href":"https:\/\/api.w.org\/{rel}","templated":true}]}}