{"id":1198,"date":"2022-06-14T14:34:06","date_gmt":"2022-06-14T12:34:06","guid":{"rendered":"https:\/\/buergerplattform-chemnitz-mitte.de\/?page_id=1198"},"modified":"2022-06-14T14:37:35","modified_gmt":"2022-06-14T12:37:35","slug":"teilprojekt-schirmherrschaft-von-wlr-gemeinsam","status":"publish","type":"page","link":"https:\/\/buergerplattform-chemnitz-mitte.de\/?page_id=1198","title":{"rendered":"Teilprojekt &#8222;Schirmherrschaft&#8220; von WlR-GEMEINSAM"},"content":{"rendered":"\n<p>Am Beginn der Pandemie wurden mehr als 1000 von Freiwilligen gen\u00e4hte bunte Stoffmasken an Nutzer:innen verteilt.  Das erzeugte w\u00e4hrend des strengen Lockdowns bei vielen nicht nur das Gef\u00fchl, doch mit anderen verbunden zu sein, sondern inspirierte nicht wenige, ebenfalls aktiv zu werden.<br>Das bedeutete, selbst Masken zu n\u00e4hen, mit dem B\u00fcrgerhaus City e.V.  kleine Ausstellungen in Schaufenstern zu gestalten, bis zu kleinen Aktionen auf Balkonen.<br>Masken sind bis heute notwendig, akzeptiert und gleichzeitig gehasst. Mit einem Schmunzeln erinnern sich aber alle noch an die bunten Stoffmasken, die nun in K\u00e4sten schlummern.<br>Mit ihnen soll ein Rahmen geschaffen werden, f\u00fcr kleine und kleinste kulturelle Aktionen, die in regelm\u00e4\u00dfigen Abst\u00e4nden zu Begegnungen im Rosenhof einladen.<br>Konkret soll mit den Masken ein wegen verschlissener Bespannung ausrangierter gro\u00dfer Gastroschirm zum farbenfrohen Dach umfunktioniert werden.<\/p>\n\n\n\n<p><br>Zeitlicher Ablauf:<\/p>\n\n\n\n<p>April\/Mai 2022: Planung der Kleinstveranstaltungen<br>Mai 2022 : Restaurierung des Schirms<br>Ab Ende Mai: mindestens 2x im Monat gibt es unter und um den Schirm herum, kreative, kulturelle und kommunikative Angebote.<br>Es wird gespielt, mit Begriffen, Farben, Objekten, aber auch denkbar, Spielen im klassischen Sinn. Minikonzerte, musikalische Mitmachangebote f\u00fcr Kinder und Erwachsene, Gemeinsames Singen, Verschiedene Kreativtechniken, von Stricken, Malen, N\u00e4hen, T\u00f6pfern, bis zu neuen Techniken, die Menschen oder Vereine vorstellen m\u00f6chten, Kleine Lesungen, Diskussionsrunden zu den Themen, Gemeinschaft, Zusammenhalt, Stadtgesellschaft und weiterer sich aus der gesellschaftlichen Entwicklung heraus in den Fokus dr\u00e4ngender Fragen, lnformationen zur kulturellen Entwicklung der Stadt, z. B. Kulturhauptstadt &#8211; Wie ist derStand, wie und wo k\u00f6nnen sich B\u00fcrger:innen konkret einbringen?<\/p>\n\n\n\n<p>Projekte anderer Tr\u00e4ger, die noch Teilnehmer:innen suchen, stellen ihre Projekte vor.<br>Ziel ist es, dass die Nutzer:innen die Herrschaft \u00fcber den Schirm behalten und damit das Angebot flexibel bleibt und sich neuen Bedarfen anpassen kann.<\/p>\n\n\n\n<p>M\u00f6gliche Kooperationspartner:<br>Eingeladen sind alle Vereine, die kreative Angebote haben und diese gern vorstellen wollen, aber auch Musiker:innen und Autor:innen.<br>Bisher Beteiligte: AJZ Streetwork, Anti-Gewalt-B\u00fcro, MusicX e.V. , Berufsf\u00f6rderungsnetwork e.V., Einzelk\u00fcnstler, Stadtsportbund, Kreativgruppen Malen, Handarbeiten, Stadtteilpilot:innen, Ev.-Luth. Kirchenbezirk Chemnitz, Deutsch-Franz\u00f6sische Gesellschaft, ASA-FF<br><\/p>\n\n\n\n<p>Zeitraum: Mai &#8211; September 2022<\/p>\n\n\n\n<p>F\u00f6rderung durch die B\u00fcrgerplattform Chemnitz-Mitte in H\u00f6he von 3.000,00 Euro.<\/p>\n","protected":false},"excerpt":{"rendered":"<p>Am Beginn der Pandemie wurden mehr als 1000 von Freiwilligen gen\u00e4hte bunte Stoffmasken an Nutzer:innen verteilt. Das erzeugte w\u00e4hrend des strengen Lockdowns bei vielen nicht nur das Gef\u00fchl, doch mit anderen verbunden zu sein, sondern inspirierte nicht wenige, ebenfalls aktiv<\/p>\n","protected":false},"author":1,"featured_media":0,"parent":0,"menu_order":0,"comment_status":"closed","ping_status":"closed","template":"","meta":{"footnotes":""},"class_list":["post-1198","page","type-page","status-publish","hentry"],"_links":{"self":[{"href":"https:\/\/buergerplattform-chemnitz-mitte.de\/index.php?rest_route=\/wp\/v2\/pages\/1198","targetHints":{"allow":["GET"]}}],"collection":[{"href":"https:\/\/buergerplattform-chemnitz-mitte.de\/index.php?rest_route=\/wp\/v2\/pages"}],"about":[{"href":"https:\/\/buergerplattform-chemnitz-mitte.de\/index.php?rest_route=\/wp\/v2\/types\/page"}],"author":[{"embeddable":true,"href":"https:\/\/buergerplattform-chemnitz-mitte.de\/index.php?rest_route=\/wp\/v2\/users\/1"}],"replies":[{"embeddable":true,"href":"https:\/\/buergerplattform-chemnitz-mitte.de\/index.php?rest_route=%2Fwp%2Fv2%2Fcomments&post=1198"}],"version-history":[{"count":5,"href":"https:\/\/buergerplattform-chemnitz-mitte.de\/index.php?rest_route=\/wp\/v2\/pages\/1198\/revisions"}],"predecessor-version":[{"id":1204,"href":"https:\/\/buergerplattform-chemnitz-mitte.de\/index.php?rest_route=\/wp\/v2\/pages\/1198\/revisions\/1204"}],"wp:attachment":[{"href":"https:\/\/buergerplattform-chemnitz-mitte.de\/index.php?rest_route=%2Fwp%2Fv2%2Fmedia&parent=1198"}],"curies":[{"name":"wp","href":"https:\/\/api.w.org\/{rel}","templated":true}]}}