{"id":12,"date":"2015-09-15T16:55:49","date_gmt":"2015-09-15T14:55:49","guid":{"rendered":"https:\/\/buergerplattform-chemnitz-mitte.de\/?page_id=12"},"modified":"2025-02-25T11:53:14","modified_gmt":"2025-02-25T10:53:14","slug":"unterlagen","status":"publish","type":"page","link":"https:\/\/buergerplattform-chemnitz-mitte.de\/?page_id=12","title":{"rendered":"UNTERLAGEN"},"content":{"rendered":"<p>Hier finden Sie wichtige Unterlagen \u00fcber die B\u00fcrgerplattform Chemnitz-Mitte allgemein sowie\u00a0Antrags- und Abrechnungsformulare. Bitte speichern Sie die Unterlagen ab, um Sie bearbeiten zu k\u00f6nnen.<\/p>\n<p style=\"text-align: center;\">F\u00fcr Antragstellung:<\/p>\n<p style=\"text-align: left;\"><strong>Wichtig:<\/strong> <em>Um eine F\u00f6rderung zu erhalten, muss ein Projekt im Stadtgebiet Chemnitz-Mitte durchgef\u00fchrt werden, zeitnah eine Verbesserung bewirken und nachhaltig sein. Dabei sollte das Projekt der Verbesserung des gesellschaftlichen Zusammenlebens und der Zusammenarbeit, der Verbesserung des \u00f6ffentlichen Raumes, der Image-Aufwertung der Stadtteile oder der Unterst\u00fctzung stadtgebietsbezogener Aktivit\u00e4ten dienen.<br \/>Nicht f\u00f6rderf\u00e4hig sind Geldbeschaffungskosten und Zinsen, der Erwerb von Grundst\u00fccken, erstattungsf\u00e4hige Mehrwertsteuer, Pauschalen und Rechnungslegungen auf der Grundlage von Pauschalangeboten, Skonti, pers\u00f6nliche Zuwendungen und Geschenke sowie Speisen und Getr\u00e4nke, sofern diese nicht als &#8222;p\u00e4dagogische Materialien&#8220; verarbeitet werden.<\/em><\/p>\n<p style=\"text-align: center;\"><a href=\"https:\/\/buergerplattform-chemnitz-mitte.de\/wp-content\/uploads\/2019\/10\/Gesch\u00e4ftsordnung_BPF_Chemnitz_Mitte_22_10_2019.pdf\">Gesch\u00e4ftsordnung<\/a><\/p>\n<p style=\"text-align: center;\"><a href=\"https:\/\/buergerplattform-chemnitz-mitte.de\/wp-content\/uploads\/2023\/03\/Richtlinie_Buergerbudget_2023.pdf\">Richtlinie B\u00fcrgerbudget<\/a><\/p>\n<p style=\"text-align: center;\"><a href=\"https:\/\/buergerplattform-chemnitz-mitte.de\/wp-content\/uploads\/2025\/02\/Projektantrag_BPCM.pdf\">Projektantrag_BPCM<\/a><\/p>\n<p style=\"text-align: center;\">\u00a0<\/p>\n<p style=\"text-align: center;\">F\u00fcr Abrechnung:<\/p>\n<p style=\"text-align: center;\"><a href=\"https:\/\/buergerplattform-chemnitz-mitte.de\/wp-content\/uploads\/2019\/07\/Projektdatenblatt_VWN_2019-1.pdf\">Projektdatenblatt<\/a><\/p>\n<p style=\"text-align: center;\"><a href=\"https:\/\/buergerplattform-chemnitz-mitte.de\/wp-content\/uploads\/2022\/09\/VWN_Einnahmen_Ausgaben.xls\">Anlagen<\/a><\/p>\n\n\n<p><a href=\"https:\/\/buergerplattform-chemnitz-mitte.de\/wp-admin\/edit.php?post_type=page\"><br>Seiten<\/a><\/p>\n","protected":false},"excerpt":{"rendered":"<p>Hier finden Sie wichtige Unterlagen \u00fcber die B\u00fcrgerplattform Chemnitz-Mitte allgemein sowie\u00a0Antrags- und Abrechnungsformulare. Bitte speichern Sie die Unterlagen ab, um Sie bearbeiten zu k\u00f6nnen. F\u00fcr Antragstellung: Wichtig: Um eine F\u00f6rderung zu erhalten, muss ein Projekt im Stadtgebiet Chemnitz-Mitte durchgef\u00fchrt werden,<\/p>\n","protected":false},"author":1,"featured_media":0,"parent":0,"menu_order":0,"comment_status":"closed","ping_status":"closed","template":"","meta":{"footnotes":""},"class_list":["post-12","page","type-page","status-publish","hentry"],"_links":{"self":[{"href":"https:\/\/buergerplattform-chemnitz-mitte.de\/index.php?rest_route=\/wp\/v2\/pages\/12","targetHints":{"allow":["GET"]}}],"collection":[{"href":"https:\/\/buergerplattform-chemnitz-mitte.de\/index.php?rest_route=\/wp\/v2\/pages"}],"about":[{"href":"https:\/\/buergerplattform-chemnitz-mitte.de\/index.php?rest_route=\/wp\/v2\/types\/page"}],"author":[{"embeddable":true,"href":"https:\/\/buergerplattform-chemnitz-mitte.de\/index.php?rest_route=\/wp\/v2\/users\/1"}],"replies":[{"embeddable":true,"href":"https:\/\/buergerplattform-chemnitz-mitte.de\/index.php?rest_route=%2Fwp%2Fv2%2Fcomments&post=12"}],"version-history":[{"count":37,"href":"https:\/\/buergerplattform-chemnitz-mitte.de\/index.php?rest_route=\/wp\/v2\/pages\/12\/revisions"}],"predecessor-version":[{"id":1385,"href":"https:\/\/buergerplattform-chemnitz-mitte.de\/index.php?rest_route=\/wp\/v2\/pages\/12\/revisions\/1385"}],"wp:attachment":[{"href":"https:\/\/buergerplattform-chemnitz-mitte.de\/index.php?rest_route=%2Fwp%2Fv2%2Fmedia&parent=12"}],"curies":[{"name":"wp","href":"https:\/\/api.w.org\/{rel}","templated":true}]}}