{"id":35,"date":"2015-09-17T17:24:33","date_gmt":"2015-09-17T15:24:33","guid":{"rendered":"https:\/\/buergerplattform-chemnitz-mitte.de\/?page_id=35"},"modified":"2025-02-26T09:50:23","modified_gmt":"2025-02-26T08:50:23","slug":"kontakt","status":"publish","type":"page","link":"https:\/\/buergerplattform-chemnitz-mitte.de\/?page_id=35","title":{"rendered":"KONTAKT"},"content":{"rendered":"<p>Die B\u00fcrgerplattform Chemnitz-Mitte wird koordiniert von Jacqueline Drechsler.<\/p>\n<p>Pers\u00f6nlicher Kontakt:<\/p>\n<p>nach Vereinbarung<\/p>\n<p>Arbeiterwohlfahrt Kreisverband Chemnitz und Umgebung e.V.<br \/>Reitbahnstra\u00dfe 32<br \/>09111 Chemnitz<\/p>\n<p>Telefon: +49 (0)1520 831 7911<br \/>Telefax: +49 (0)371 666 49 64<br \/>E-Mail: <a href=\"mailto:jacqueline.drechsler@awo-chemnitz.de\">info@buergerplattform-chemnitz-mitte.de<\/a><br \/>Internet: <a href=\"https:\/\/www.buergerplattform-chemnitz-mitte.de\" target=\"_blank\" rel=\"noopener noreferrer\"><u><span style=\"color: #0066cc;\">www.buergerplattform-chemnitz-mitte.de<\/span><\/u><\/a><br \/>Facebook: <a href=\"http:\/\/www.facebook.com\/chemnitz.mitte\" target=\"_blank\" rel=\"noopener noreferrer\"><u><span style=\"color: #0066cc;\">http:\/\/www.facebook.com\/chemnitz.mitte<\/span><\/u><\/a><\/p>\n\n\n<p><\/p>\n","protected":false},"excerpt":{"rendered":"<p>Die B\u00fcrgerplattform Chemnitz-Mitte wird koordiniert von Jacqueline Drechsler. Pers\u00f6nlicher Kontakt: nach Vereinbarung Arbeiterwohlfahrt Kreisverband Chemnitz und Umgebung e.V.Reitbahnstra\u00dfe 3209111 Chemnitz Telefon: +49 (0)1520 831 7911Telefax: +49 (0)371 666 49 64E-Mail: info@buergerplattform-chemnitz-mitte.deInternet: www.buergerplattform-chemnitz-mitte.deFacebook: http:\/\/www.facebook.com\/chemnitz.mitte<\/p>\n","protected":false},"author":1,"featured_media":0,"parent":0,"menu_order":0,"comment_status":"closed","ping_status":"closed","template":"","meta":{"footnotes":""},"class_list":["post-35","page","type-page","status-publish","hentry"],"_links":{"self":[{"href":"https:\/\/buergerplattform-chemnitz-mitte.de\/index.php?rest_route=\/wp\/v2\/pages\/35","targetHints":{"allow":["GET"]}}],"collection":[{"href":"https:\/\/buergerplattform-chemnitz-mitte.de\/index.php?rest_route=\/wp\/v2\/pages"}],"about":[{"href":"https:\/\/buergerplattform-chemnitz-mitte.de\/index.php?rest_route=\/wp\/v2\/types\/page"}],"author":[{"embeddable":true,"href":"https:\/\/buergerplattform-chemnitz-mitte.de\/index.php?rest_route=\/wp\/v2\/users\/1"}],"replies":[{"embeddable":true,"href":"https:\/\/buergerplattform-chemnitz-mitte.de\/index.php?rest_route=%2Fwp%2Fv2%2Fcomments&post=35"}],"version-history":[{"count":18,"href":"https:\/\/buergerplattform-chemnitz-mitte.de\/index.php?rest_route=\/wp\/v2\/pages\/35\/revisions"}],"predecessor-version":[{"id":1391,"href":"https:\/\/buergerplattform-chemnitz-mitte.de\/index.php?rest_route=\/wp\/v2\/pages\/35\/revisions\/1391"}],"wp:attachment":[{"href":"https:\/\/buergerplattform-chemnitz-mitte.de\/index.php?rest_route=%2Fwp%2Fv2%2Fmedia&parent=35"}],"curies":[{"name":"wp","href":"https:\/\/api.w.org\/{rel}","templated":true}]}}