{"id":457,"date":"2019-07-17T10:05:13","date_gmt":"2019-07-17T08:05:13","guid":{"rendered":"https:\/\/buergerplattform-chemnitz-mitte.de\/?page_id=457"},"modified":"2019-07-17T10:45:31","modified_gmt":"2019-07-17T08:45:31","slug":"datenschutz","status":"publish","type":"page","link":"https:\/\/buergerplattform-chemnitz-mitte.de\/?page_id=457","title":{"rendered":"Datenschutz"},"content":{"rendered":"\n<p class=\"has-small-font-size\">Der  Schutz Ihrer personenbezogenen Daten ist uns ein wichtiges  Anliegen. Es ist Ihr  legitimes Bed\u00fcrfnis, die Kontrolle \u00fcber alle  personenbezogenen Daten zu  behalten, die Sie an den AWO Kreisverband  Chemnitz und Umgebung e.V.  weitergeben. Personenbezogene Daten sind  alle Daten, die in Zusammenhang mit  Ihrer Person gespeichert werden  sollen. <\/p>\n\n\n\n<h4 class=\"wp-block-heading\"> Formulare <\/h4>\n\n\n\n<p class=\"has-small-font-size\">Kontaktieren  Sie uns \u00fcber das Kontaktformular, so verwenden wir Ihre\n \u00fcbermittelten Daten, um  mit Ihnen in Kommunikation treten und \nInformationen und Dienstleistungen  anbieten zu k\u00f6nnen. Ihre Daten \nwerden dabei lediglich zur Kontaktaufnahme  verwendet und nach \nZweckerf\u00fcllung unverz\u00fcglich gel\u00f6scht.<\/p>\n\n\n\n<p class=\"has-small-font-size\">Bitte  beachten Sie, dass Daten die Sie unter Verwendung der  Online-Formulare an den  AWO Kreisverband Chemnitz und Umgebung e.V.  \u00fcbermitteln, unverschl\u00fcsselt \u00fcber  das Internet \u00fcbertragen werden.<\/p>\n\n\n\n<h4 class=\"wp-block-heading\"> Serverprotokolle <\/h4>\n\n\n\n<p class=\"has-small-font-size\">Zus\u00e4tzlich  fallen auf dem Server unserer Internetseite noch  Protokolldateien an, die f\u00fcr  die technische \u00dcberwachung notwendig sind.  Die Protokolle werden in  regelm\u00e4\u00dfigen Abst\u00e4nden, sp\u00e4testens aber nach  sieben Tagen wieder gel\u00f6scht. <\/p>\n\n\n\n<h4 class=\"wp-block-heading\">Datenverarbeitung<\/h4>\n\n\n\n<p class=\"has-small-font-size\">Wir beachten bei der Verarbeitung Ihrer  Daten folgende Pr\u00e4missen: <\/p>\n\n\n\n<p class=\"has-small-font-size\">Wir informieren Sie mit unserer Datenschutzerkl\u00e4rung und mit  Informationen  auf unserer Homepage \u00fcber den Verwendungszweck der von  Ihnen angegebenen Daten. <\/p>\n\n\n\n<p class=\"has-small-font-size\">Wir sichern Ihre Daten mit allen uns zur Verf\u00fcgung stehenden Mitteln vor  unzul\u00e4ssigem Zugriff, vor Verlust und Ver\u00e4nderung. <\/p>\n\n\n\n<p class=\"has-small-font-size\">Sie haben ein umfassendes Recht auf Auskunft zu den Daten, die wir \u00fcber Sie speichern. <\/p>\n\n\n\n<p class=\"has-small-font-size\">Die von Ihnen preisgegebenen personenbezogenen Daten l\u00f6schen wir  umgehend  aufgrund Ihrer schriftlichen Willenserkl\u00e4rung, sofern  gesetzliche  Aufbewahrungs- und Sperrfristen dem nicht entgegenstehen. <\/p>\n\n\n\n<p class=\"has-small-font-size\">Eine  \u00dcbermittlung an staatliche Stellen erfolgt nur im Rahmen  zwingender nationaler  Rechtsvorschriften. Unsere Mitarbeiter wurden  schriftlich zur Wahrung der  Vertraulichkeit verpflichtet. <\/p>\n\n\n\n<p class=\"has-small-font-size\">Unsere  Internetseite verweist an einigen Stellen auch auf andere  Internetseiten. Auf  die Einhaltung der datenschutzrechtlichen  Verpflichtungen dieser Angebote haben  wir keinen Einfluss. Sie sollten  daher stets die angebotenen  Datenschutzerkl\u00e4rungen pr\u00fcfen. <\/p>\n\n\n\n<h4 class=\"wp-block-heading\"> Social Plugins <\/h4>\n\n\n\n<p class=\"has-small-font-size\">Auf  unserer Internetseite verwenden wir Schaltfl\u00e4chen von Facebook. \nDiese werden  von Facebook, 1601 South California Avenue, Palo Alto, CA \n94304, USA  bereitgestellt. Zur Verbesserung des Datenschutzes m\u00fcssen \nSie die Schaltfl\u00e4che  vor Benutzung ausdr\u00fccklich aktivieren (OptIn).<\/p>\n\n\n\n<p class=\"has-small-font-size\">Wurde  die Schaltfl\u00e4che aktiviert, so wird \u00fcber sie eine direkte \nVerbindung zwischen  Ihrem Browser und dem Facebook-Server hergestellt. \nDadurch erh\u00e4lt Facebook die  Information, dass Sie mit Ihrer IP-Adresse \nunsere Seite besucht haben und kann  diesen Besuch Ihrem Benutzerkonto \nzuordnen.<\/p>\n\n\n\n<p class=\"has-small-font-size\">Wir  weisen darauf hin, dass wir als Anbieter der Internetseite keine\n Kenntnis vom  Inhalt der \u00fcbermittelten Daten sowie deren Nutzung durch \nFacebook erhalten.  Weitere Informationen hierzu finden Sie in der \nDatenschutzerkl\u00e4rung von  Facebook unter <a href=\"http:\/\/de-de.facebook.com\/policy.php\" target=\"_blank\" rel=\"noreferrer noopener\">http:\/\/de-de.facebook.com\/policy.php<\/a>. <\/p>\n\n\n\n<p class=\"has-small-font-size\">Wenn  Sie nicht w\u00fcnschen, dass Facebook den Besuch unserer  Internetseite Ihrem  Facebook-Nutzerkonto zuordnen kann, so deaktiveren  Sie die entsprechende  Schaltfl\u00e4che oder melden Sie sich von Ihrem  Facebook-Benutzerkonto ab.<\/p>\n\n\n\n<h4 class=\"wp-block-heading\">Kontakt<\/h4>\n\n\n\n<p class=\"has-small-font-size\">Bei  bestehenden Fragen zum Datenschutz k\u00f6nnen Sie sich auch direkt an unsere  Datenschutzbeauftragte (<a href=\"mailto:datenschutz@awo-chemnitz.de\">datenschutz@awo-chemnitz.de<\/a>)  wenden.<\/p>\n\n\n\n<p class=\"has-small-font-size\">F\u00fcr  den Postweg nutzen Sie bitte folgende Adresse:<\/p>\n\n\n\n<p class=\"has-small-font-size\">Arbeiterwohlfahrt  Kreisverband Chemnitz und Umgebung e. V.<br>\n  Monique Wieder\u00e4nders<br>\n  Clara-Zetkin-Stra\u00dfe 1<br>\n  09111 Chemnitz<\/p>\n","protected":false},"excerpt":{"rendered":"<p>Der Schutz Ihrer personenbezogenen Daten ist uns ein wichtiges Anliegen. Es ist Ihr legitimes Bed\u00fcrfnis, die Kontrolle \u00fcber alle personenbezogenen Daten zu behalten, die Sie an den AWO Kreisverband Chemnitz und Umgebung e.V. weitergeben. Personenbezogene Daten sind alle Daten, die<\/p>\n","protected":false},"author":1,"featured_media":0,"parent":0,"menu_order":0,"comment_status":"closed","ping_status":"closed","template":"","meta":{"footnotes":""},"class_list":["post-457","page","type-page","status-publish","hentry"],"_links":{"self":[{"href":"https:\/\/buergerplattform-chemnitz-mitte.de\/index.php?rest_route=\/wp\/v2\/pages\/457","targetHints":{"allow":["GET"]}}],"collection":[{"href":"https:\/\/buergerplattform-chemnitz-mitte.de\/index.php?rest_route=\/wp\/v2\/pages"}],"about":[{"href":"https:\/\/buergerplattform-chemnitz-mitte.de\/index.php?rest_route=\/wp\/v2\/types\/page"}],"author":[{"embeddable":true,"href":"https:\/\/buergerplattform-chemnitz-mitte.de\/index.php?rest_route=\/wp\/v2\/users\/1"}],"replies":[{"embeddable":true,"href":"https:\/\/buergerplattform-chemnitz-mitte.de\/index.php?rest_route=%2Fwp%2Fv2%2Fcomments&post=457"}],"version-history":[{"count":3,"href":"https:\/\/buergerplattform-chemnitz-mitte.de\/index.php?rest_route=\/wp\/v2\/pages\/457\/revisions"}],"predecessor-version":[{"id":467,"href":"https:\/\/buergerplattform-chemnitz-mitte.de\/index.php?rest_route=\/wp\/v2\/pages\/457\/revisions\/467"}],"wp:attachment":[{"href":"https:\/\/buergerplattform-chemnitz-mitte.de\/index.php?rest_route=%2Fwp%2Fv2%2Fmedia&parent=457"}],"curies":[{"name":"wp","href":"https:\/\/api.w.org\/{rel}","templated":true}]}}