{"id":515,"date":"2019-07-22T08:58:02","date_gmt":"2019-07-22T06:58:02","guid":{"rendered":"https:\/\/buergerplattform-chemnitz-mitte.de\/?page_id=515"},"modified":"2019-07-22T14:11:15","modified_gmt":"2019-07-22T12:11:15","slug":"buerger-kulturtreff","status":"publish","type":"page","link":"https:\/\/buergerplattform-chemnitz-mitte.de\/?page_id=515","title":{"rendered":"B\u00fcrger-Kulturtreff"},"content":{"rendered":"\n<p>Kultur- und Bildungsveranstaltungen f\u00fcr die B\u00fcrgerinnen und B\u00fcrger des Wohngebiets und dar\u00fcber hinaus monatlich Lesungen, Vortr\u00e4ge sowie Reiseberichte im Kreativcafe &#8222;All in&#8220;, Rosenhof 14<\/p>\n\n\n\n<p>F\u00f6rderung durch die B\u00fcrgerplattform Chemnitz-Mitte in H\u00f6he von 620,00 Euro. <\/p>\n","protected":false},"excerpt":{"rendered":"<p>Kultur- und Bildungsveranstaltungen f\u00fcr die B\u00fcrgerinnen und B\u00fcrger des Wohngebiets und dar\u00fcber hinaus monatlich Lesungen, Vortr\u00e4ge sowie Reiseberichte im Kreativcafe &#8222;All in&#8220;, Rosenhof 14 F\u00f6rderung durch die B\u00fcrgerplattform Chemnitz-Mitte in H\u00f6he von 620,00 Euro.<\/p>\n","protected":false},"author":1,"featured_media":0,"parent":0,"menu_order":0,"comment_status":"closed","ping_status":"closed","template":"","meta":{"footnotes":""},"class_list":["post-515","page","type-page","status-publish","hentry"],"_links":{"self":[{"href":"https:\/\/buergerplattform-chemnitz-mitte.de\/index.php?rest_route=\/wp\/v2\/pages\/515","targetHints":{"allow":["GET"]}}],"collection":[{"href":"https:\/\/buergerplattform-chemnitz-mitte.de\/index.php?rest_route=\/wp\/v2\/pages"}],"about":[{"href":"https:\/\/buergerplattform-chemnitz-mitte.de\/index.php?rest_route=\/wp\/v2\/types\/page"}],"author":[{"embeddable":true,"href":"https:\/\/buergerplattform-chemnitz-mitte.de\/index.php?rest_route=\/wp\/v2\/users\/1"}],"replies":[{"embeddable":true,"href":"https:\/\/buergerplattform-chemnitz-mitte.de\/index.php?rest_route=%2Fwp%2Fv2%2Fcomments&post=515"}],"version-history":[{"count":4,"href":"https:\/\/buergerplattform-chemnitz-mitte.de\/index.php?rest_route=\/wp\/v2\/pages\/515\/revisions"}],"predecessor-version":[{"id":615,"href":"https:\/\/buergerplattform-chemnitz-mitte.de\/index.php?rest_route=\/wp\/v2\/pages\/515\/revisions\/615"}],"wp:attachment":[{"href":"https:\/\/buergerplattform-chemnitz-mitte.de\/index.php?rest_route=%2Fwp%2Fv2%2Fmedia&parent=515"}],"curies":[{"name":"wp","href":"https:\/\/api.w.org\/{rel}","templated":true}]}}