{"id":523,"date":"2019-07-22T09:13:15","date_gmt":"2019-07-22T07:13:15","guid":{"rendered":"https:\/\/buergerplattform-chemnitz-mitte.de\/?page_id=523"},"modified":"2019-07-22T14:12:10","modified_gmt":"2019-07-22T12:12:10","slug":"interkultureller-brunch","status":"publish","type":"page","link":"https:\/\/buergerplattform-chemnitz-mitte.de\/?page_id=523","title":{"rendered":"Interkultureller Brunch"},"content":{"rendered":"\n<p>Durchf\u00fchrung von zwei interkulturellen Veranstaltungen im Juli und Oktober 2018 im Soziokulturellen Zentrum QUER BEET.<\/p>\n\n\n\n<p>Die Veranstaltungen richten sich an Menschen jeden Alters, jeder Kultur und Religionszugeh\u00f6rigkeit; an Paare, Familien, Singles, Alleinerziehende und Kinder.<\/p>\n\n\n\n<p>In entspannter Atmosp\u00e4re geht es darum unterschiedliche Kulturen und Menschen kennenzulernen, sich auszutauschen. Auf diese Weise sollen Hemmschwellen und \u00c4ngste gegen\u00fcber den Kulturen und Menschen unterschiedlicher Herkunftsl\u00e4nder und Religionen abgebaut und bestm\u00f6glich bleibende Kontakte gekn\u00fcpft werden.<\/p>\n\n\n\n<p>F\u00f6rderung durch die B\u00fcrgerplattform Chemnitz-Mitte in H\u00f6he von 300,00 Euro.   <\/p>\n","protected":false},"excerpt":{"rendered":"<p>Durchf\u00fchrung von zwei interkulturellen Veranstaltungen im Juli und Oktober 2018 im Soziokulturellen Zentrum QUER BEET. Die Veranstaltungen richten sich an Menschen jeden Alters, jeder Kultur und Religionszugeh\u00f6rigkeit; an Paare, Familien, Singles, Alleinerziehende und Kinder. In entspannter Atmosp\u00e4re geht es darum<\/p>\n","protected":false},"author":1,"featured_media":0,"parent":0,"menu_order":0,"comment_status":"closed","ping_status":"closed","template":"","meta":{"footnotes":""},"class_list":["post-523","page","type-page","status-publish","hentry"],"_links":{"self":[{"href":"https:\/\/buergerplattform-chemnitz-mitte.de\/index.php?rest_route=\/wp\/v2\/pages\/523","targetHints":{"allow":["GET"]}}],"collection":[{"href":"https:\/\/buergerplattform-chemnitz-mitte.de\/index.php?rest_route=\/wp\/v2\/pages"}],"about":[{"href":"https:\/\/buergerplattform-chemnitz-mitte.de\/index.php?rest_route=\/wp\/v2\/types\/page"}],"author":[{"embeddable":true,"href":"https:\/\/buergerplattform-chemnitz-mitte.de\/index.php?rest_route=\/wp\/v2\/users\/1"}],"replies":[{"embeddable":true,"href":"https:\/\/buergerplattform-chemnitz-mitte.de\/index.php?rest_route=%2Fwp%2Fv2%2Fcomments&post=523"}],"version-history":[{"count":2,"href":"https:\/\/buergerplattform-chemnitz-mitte.de\/index.php?rest_route=\/wp\/v2\/pages\/523\/revisions"}],"predecessor-version":[{"id":616,"href":"https:\/\/buergerplattform-chemnitz-mitte.de\/index.php?rest_route=\/wp\/v2\/pages\/523\/revisions\/616"}],"wp:attachment":[{"href":"https:\/\/buergerplattform-chemnitz-mitte.de\/index.php?rest_route=%2Fwp%2Fv2%2Fmedia&parent=523"}],"curies":[{"name":"wp","href":"https:\/\/api.w.org\/{rel}","templated":true}]}}