{"id":534,"date":"2019-07-22T09:30:33","date_gmt":"2019-07-22T07:30:33","guid":{"rendered":"https:\/\/buergerplattform-chemnitz-mitte.de\/?page_id=534"},"modified":"2019-07-22T14:08:54","modified_gmt":"2019-07-22T12:08:54","slug":"kantine-marx","status":"publish","type":"page","link":"https:\/\/buergerplattform-chemnitz-mitte.de\/?page_id=534","title":{"rendered":"Kantine Marx"},"content":{"rendered":"\n<p>KANTINE MARX versammelt verschiedene Theoretiker*innen und Disziplinen, um sich gemeinsam intensiv mit Karl Marx-Analysen auseinanderzusetzen und einen genaueren Blick auf gesellschaftspolitische und sozio-\u00f6konomische Ver\u00e4nderungen zu werfen.<\/p>\n\n\n\n<p>F\u00f6rderung durch die B\u00fcrgerplattform Chemnitz-Mitte in H\u00f6he von 1.000,00 Euro.   <\/p>\n","protected":false},"excerpt":{"rendered":"<p>KANTINE MARX versammelt verschiedene Theoretiker*innen und Disziplinen, um sich gemeinsam intensiv mit Karl Marx-Analysen auseinanderzusetzen und einen genaueren Blick auf gesellschaftspolitische und sozio-\u00f6konomische Ver\u00e4nderungen zu werfen. F\u00f6rderung durch die B\u00fcrgerplattform Chemnitz-Mitte in H\u00f6he von 1.000,00 Euro.<\/p>\n","protected":false},"author":1,"featured_media":0,"parent":0,"menu_order":0,"comment_status":"closed","ping_status":"closed","template":"","meta":{"footnotes":""},"class_list":["post-534","page","type-page","status-publish","hentry"],"_links":{"self":[{"href":"https:\/\/buergerplattform-chemnitz-mitte.de\/index.php?rest_route=\/wp\/v2\/pages\/534","targetHints":{"allow":["GET"]}}],"collection":[{"href":"https:\/\/buergerplattform-chemnitz-mitte.de\/index.php?rest_route=\/wp\/v2\/pages"}],"about":[{"href":"https:\/\/buergerplattform-chemnitz-mitte.de\/index.php?rest_route=\/wp\/v2\/types\/page"}],"author":[{"embeddable":true,"href":"https:\/\/buergerplattform-chemnitz-mitte.de\/index.php?rest_route=\/wp\/v2\/users\/1"}],"replies":[{"embeddable":true,"href":"https:\/\/buergerplattform-chemnitz-mitte.de\/index.php?rest_route=%2Fwp%2Fv2%2Fcomments&post=534"}],"version-history":[{"count":2,"href":"https:\/\/buergerplattform-chemnitz-mitte.de\/index.php?rest_route=\/wp\/v2\/pages\/534\/revisions"}],"predecessor-version":[{"id":613,"href":"https:\/\/buergerplattform-chemnitz-mitte.de\/index.php?rest_route=\/wp\/v2\/pages\/534\/revisions\/613"}],"wp:attachment":[{"href":"https:\/\/buergerplattform-chemnitz-mitte.de\/index.php?rest_route=%2Fwp%2Fv2%2Fmedia&parent=534"}],"curies":[{"name":"wp","href":"https:\/\/api.w.org\/{rel}","templated":true}]}}