{"id":537,"date":"2019-07-22T09:42:11","date_gmt":"2019-07-22T07:42:11","guid":{"rendered":"https:\/\/buergerplattform-chemnitz-mitte.de\/?page_id=537"},"modified":"2019-07-22T14:08:12","modified_gmt":"2019-07-22T12:08:12","slug":"echo-lot-die-unsichtbare-stadt","status":"publish","type":"page","link":"https:\/\/buergerplattform-chemnitz-mitte.de\/?page_id=537","title":{"rendered":"Echo | Lot &#8211; Die unsichtbare Stadt"},"content":{"rendered":"\n<p>Ein theatraler Stadtspaziergang<\/p>\n\n\n\n<p>Wir begeben uns auf diesem Stadtspaziergang in vertraute und \u00fcberraschende Klangwelten, lassen uns von Glockent\u00f6nen leiten und halten an rauschenden Gew\u00e4ssern inne.<br>Expert*innen des Unsichtbaren erz\u00e4hlen von Ihrer Stadt mit Geschichten und Liedern.<br>Die besondere Haptik eines Steins in einem Park oder die Ger\u00fcche des Marktes teilen sie mit uns.<br>Sie f\u00fchren uns durch ihr unsichtbares Chemnitz: 5523 Schritte, 3,9 Kilometer, 6 Orte.<\/p>\n\n\n\n<p>Termine: 05.10.18; 06.10.18; 07.10.18<\/p>\n\n\n\n<p>F\u00f6rderung durch die B\u00fcrgerplattform Chemnitz-Mitte in H\u00f6he von 800,00 Euro.   <\/p>\n","protected":false},"excerpt":{"rendered":"<p>Ein theatraler Stadtspaziergang Wir begeben uns auf diesem Stadtspaziergang in vertraute und \u00fcberraschende Klangwelten, lassen uns von Glockent\u00f6nen leiten und halten an rauschenden Gew\u00e4ssern inne.Expert*innen des Unsichtbaren erz\u00e4hlen von Ihrer Stadt mit Geschichten und Liedern.Die besondere Haptik eines Steins in<\/p>\n","protected":false},"author":1,"featured_media":0,"parent":0,"menu_order":0,"comment_status":"closed","ping_status":"closed","template":"","meta":{"footnotes":""},"class_list":["post-537","page","type-page","status-publish","hentry"],"_links":{"self":[{"href":"https:\/\/buergerplattform-chemnitz-mitte.de\/index.php?rest_route=\/wp\/v2\/pages\/537","targetHints":{"allow":["GET"]}}],"collection":[{"href":"https:\/\/buergerplattform-chemnitz-mitte.de\/index.php?rest_route=\/wp\/v2\/pages"}],"about":[{"href":"https:\/\/buergerplattform-chemnitz-mitte.de\/index.php?rest_route=\/wp\/v2\/types\/page"}],"author":[{"embeddable":true,"href":"https:\/\/buergerplattform-chemnitz-mitte.de\/index.php?rest_route=\/wp\/v2\/users\/1"}],"replies":[{"embeddable":true,"href":"https:\/\/buergerplattform-chemnitz-mitte.de\/index.php?rest_route=%2Fwp%2Fv2%2Fcomments&post=537"}],"version-history":[{"count":2,"href":"https:\/\/buergerplattform-chemnitz-mitte.de\/index.php?rest_route=\/wp\/v2\/pages\/537\/revisions"}],"predecessor-version":[{"id":612,"href":"https:\/\/buergerplattform-chemnitz-mitte.de\/index.php?rest_route=\/wp\/v2\/pages\/537\/revisions\/612"}],"wp:attachment":[{"href":"https:\/\/buergerplattform-chemnitz-mitte.de\/index.php?rest_route=%2Fwp%2Fv2%2Fmedia&parent=537"}],"curies":[{"name":"wp","href":"https:\/\/api.w.org\/{rel}","templated":true}]}}