{"id":57,"date":"2015-09-17T18:31:57","date_gmt":"2015-09-17T16:31:57","guid":{"rendered":"https:\/\/buergerplattform-chemnitz-mitte.de\/?page_id=57"},"modified":"2019-07-22T13:27:19","modified_gmt":"2019-07-22T11:27:19","slug":"projekte","status":"publish","type":"page","link":"https:\/\/buergerplattform-chemnitz-mitte.de\/?page_id=57","title":{"rendered":"PROJEKTE"},"content":{"rendered":"<p>Wir f\u00f6rdern Vorhaben zur Verbesserung der Lebensbedingungen im Stadtgebiet Chemnitz-Mitte. Die Projekte sind ganz unterschiedlich &#8211; k\u00fcnstlerisch, sozial oder kulturell angelegt.<\/p>\n<p><em>Grunds\u00e4tze f\u00fcr F\u00f6rderf\u00e4higkeit:<\/em><\/p>\n<p>Die Projekte m\u00fcssen im Stadtgebiet Chemnitz-Mitte durchgef\u00fchrt werden.<br \/>\nDie Projekte sollen zeitnah und nachhaltig eine Verbesserung der Lebensbedingungen im Stadtgebiet Chemnitz-Mitte bewirken, sowie zu einer Image-Aufwertung der Stadtteile (z.B. Marketing, Feste) beitragen.<\/p>\n<p>Sie sollen eine Verbesserung des \u00f6ffentlichen Raumes bewirken (nach Pr\u00fcfung der Zust\u00e4ndigkeiten).<br \/>\nEs werden stadtgebietsbezogene Aktivit\u00e4ten unterst\u00fctzt (z.B. Anwohner-Projekte).<\/p>\n<p>Werden die Grunds\u00e4tze nicht eingehalten, besteht auch die M\u00f6glichkeit der R\u00fcckforderung bereits bewilligter F\u00f6rdermittel.<\/p>\n<p>Bei Interesse k\u00f6nnen Sie gern auf den Unterseiten (Projekte 2014 etc.) st\u00f6bern und jeweils eine kleine Auswahl verschiedener in den vergangenen Jahren gef\u00f6rderter Projekte kennenlernen.<\/p>\n<p>Weitere Unterlagen zur Antragstellung und Projektabrechnung finden Sie <a href=\"https:\/\/buergerplattform-chemnitz-mitte.de\/?page_id=12\" target=\"_blank\" rel=\"noopener noreferrer\">hier<\/a>.<\/p>\n","protected":false},"excerpt":{"rendered":"<p>Wir f\u00f6rdern Vorhaben zur Verbesserung der Lebensbedingungen im Stadtgebiet Chemnitz-Mitte. Die Projekte sind ganz unterschiedlich &#8211; k\u00fcnstlerisch, sozial oder kulturell angelegt. Grunds\u00e4tze f\u00fcr F\u00f6rderf\u00e4higkeit: Die Projekte m\u00fcssen im Stadtgebiet Chemnitz-Mitte durchgef\u00fchrt werden. Die Projekte sollen zeitnah und nachhaltig eine Verbesserung<\/p>\n","protected":false},"author":1,"featured_media":0,"parent":0,"menu_order":0,"comment_status":"closed","ping_status":"closed","template":"","meta":{"footnotes":""},"class_list":["post-57","page","type-page","status-publish","hentry"],"_links":{"self":[{"href":"https:\/\/buergerplattform-chemnitz-mitte.de\/index.php?rest_route=\/wp\/v2\/pages\/57","targetHints":{"allow":["GET"]}}],"collection":[{"href":"https:\/\/buergerplattform-chemnitz-mitte.de\/index.php?rest_route=\/wp\/v2\/pages"}],"about":[{"href":"https:\/\/buergerplattform-chemnitz-mitte.de\/index.php?rest_route=\/wp\/v2\/types\/page"}],"author":[{"embeddable":true,"href":"https:\/\/buergerplattform-chemnitz-mitte.de\/index.php?rest_route=\/wp\/v2\/users\/1"}],"replies":[{"embeddable":true,"href":"https:\/\/buergerplattform-chemnitz-mitte.de\/index.php?rest_route=%2Fwp%2Fv2%2Fcomments&post=57"}],"version-history":[{"count":17,"href":"https:\/\/buergerplattform-chemnitz-mitte.de\/index.php?rest_route=\/wp\/v2\/pages\/57\/revisions"}],"predecessor-version":[{"id":823,"href":"https:\/\/buergerplattform-chemnitz-mitte.de\/index.php?rest_route=\/wp\/v2\/pages\/57\/revisions\/823"}],"wp:attachment":[{"href":"https:\/\/buergerplattform-chemnitz-mitte.de\/index.php?rest_route=%2Fwp%2Fv2%2Fmedia&parent=57"}],"curies":[{"name":"wp","href":"https:\/\/api.w.org\/{rel}","templated":true}]}}