{"id":598,"date":"2019-07-22T13:43:59","date_gmt":"2019-07-22T11:43:59","guid":{"rendered":"https:\/\/buergerplattform-chemnitz-mitte.de\/?page_id=598"},"modified":"2019-07-22T13:43:59","modified_gmt":"2019-07-22T11:43:59","slug":"stadtteilfest-bernsdorf","status":"publish","type":"page","link":"https:\/\/buergerplattform-chemnitz-mitte.de\/?page_id=598","title":{"rendered":"Stadtteilfest Bernsdorf"},"content":{"rendered":"\n<p>Am 5. Juli 2014 findet zum zweiten Mal das Stadtteilfest Bernsdorf im Freibad Bernsdorf statt. Der Standort wurde nicht nur wegen der wundersch\u00f6nen Anlage und dem einzigartigen 100m-Schwimmbecken gew\u00e4hlt, sondern auch um das Freibad Bernsdorf mehr ins Bewusstsein der Chemnitzer*innen zu r\u00fccken und so mit zum Erhalt des Bades beizutragen.<\/p>\n\n\n\n<p>F\u00f6rderung durch die B\u00fcrgerplattform Chemnitz-Mitte in H\u00f6he von 500,00 Euro.<\/p>\n","protected":false},"excerpt":{"rendered":"<p>Am 5. Juli 2014 findet zum zweiten Mal das Stadtteilfest Bernsdorf im Freibad Bernsdorf statt. Der Standort wurde nicht nur wegen der wundersch\u00f6nen Anlage und dem einzigartigen 100m-Schwimmbecken gew\u00e4hlt, sondern auch um das Freibad Bernsdorf mehr ins Bewusstsein der Chemnitzer*innen<\/p>\n","protected":false},"author":1,"featured_media":0,"parent":0,"menu_order":0,"comment_status":"closed","ping_status":"closed","template":"","meta":{"footnotes":""},"class_list":["post-598","page","type-page","status-publish","hentry"],"_links":{"self":[{"href":"https:\/\/buergerplattform-chemnitz-mitte.de\/index.php?rest_route=\/wp\/v2\/pages\/598","targetHints":{"allow":["GET"]}}],"collection":[{"href":"https:\/\/buergerplattform-chemnitz-mitte.de\/index.php?rest_route=\/wp\/v2\/pages"}],"about":[{"href":"https:\/\/buergerplattform-chemnitz-mitte.de\/index.php?rest_route=\/wp\/v2\/types\/page"}],"author":[{"embeddable":true,"href":"https:\/\/buergerplattform-chemnitz-mitte.de\/index.php?rest_route=\/wp\/v2\/users\/1"}],"replies":[{"embeddable":true,"href":"https:\/\/buergerplattform-chemnitz-mitte.de\/index.php?rest_route=%2Fwp%2Fv2%2Fcomments&post=598"}],"version-history":[{"count":1,"href":"https:\/\/buergerplattform-chemnitz-mitte.de\/index.php?rest_route=\/wp\/v2\/pages\/598\/revisions"}],"predecessor-version":[{"id":600,"href":"https:\/\/buergerplattform-chemnitz-mitte.de\/index.php?rest_route=\/wp\/v2\/pages\/598\/revisions\/600"}],"wp:attachment":[{"href":"https:\/\/buergerplattform-chemnitz-mitte.de\/index.php?rest_route=%2Fwp%2Fv2%2Fmedia&parent=598"}],"curies":[{"name":"wp","href":"https:\/\/api.w.org\/{rel}","templated":true}]}}