{"id":6,"date":"2015-09-15T16:38:52","date_gmt":"2015-09-15T14:38:52","guid":{"rendered":"https:\/\/buergerplattform-chemnitz-mitte.de\/?page_id=6"},"modified":"2019-11-28T19:22:29","modified_gmt":"2019-11-28T18:22:29","slug":"ueber","status":"publish","type":"page","link":"https:\/\/buergerplattform-chemnitz-mitte.de\/?page_id=6","title":{"rendered":"\u00dcBER"},"content":{"rendered":"<p lang=\"de-DE\"><a href=\"https:\/\/www.facebook.com\/chemnitz.mitte\/\" target=\"_blank\" rel=\"noopener noreferrer\"><img loading=\"lazy\" decoding=\"async\" src=\"https:\/\/buergerplattform-chemnitz-mitte.de\/wp-content\/uploads\/2017\/03\/FB-FindUsonFacebook-online-1024_de_DE-300x57.png\" alt=\"Du findest uns auf Facebook\" width=\"250\" height=\"47\" \/><\/a><\/p>\n<h5 lang=\"de-DE\">WAS IST DIE B\u00dcRGERPLATTFORM CHEMNITZ-MITTE?<\/h5>\n<p lang=\"de-DE\">Die B\u00fcrgerplattform Chemnitz-Mitte ist ein freiwilliger Zusammenschluss von B\u00fcrgerinnen und B\u00fcrgern, die im Stadtgebiet Chemnitz-Mitte (Zentrum, Bernsdorf, Lutherviertel, Altchemnitz, Kapellenberg) wohnen oder durch Mitgliedschaft in Vereinen\/ Organisationen oder ihre T\u00e4tigkeit mit dem Stadtgebiet Chemnitz-Mitte verbunden sind.<\/p>\n<h5 lang=\"de-DE\">WELCHES ZIEL VERFOLGT DIE B\u00dcRGERPLATTFORM?<\/h5>\n<p lang=\"de-DE\">Die B\u00fcrgerplattform vertritt die Interessen der B\u00fcrgerinnen und B\u00fcrger gegen\u00fcber der Stadt Chemnitz in Bezug auf eine Verbesserung der Lebensbedingungen und Entwicklung des Stadtgebietes Chemnitz-Mitte. Ihr Ziel ist eine\u00a0dauerhafte Zusammenarbeit m\u00f6glichst vieler und unterschiedlicher Gruppen, um gemeinsam die Lebensbedingungen im Stadtteil zu verbessern und auf Augenh\u00f6he mit den Sachverst\u00e4ndigen der Kommunalpolitik, der Verwaltung und Wirtschaft zu beraten und zu verhandeln. Damit tr\u00e4gt sie dazu bei, die B\u00fcrgerbeteiligung im Stadtgebiet Chemnitz-Mitte zu f\u00f6rdern und bisherige Strukturen auf eine verbindlichere Kommunikationsebene zu heben.<\/p>\n<h5 lang=\"de-DE\">WIE WIRKT DIE B\u00dcRGERPLATTFORM?<\/h5>\n<p>Sie\u00a0unterst\u00fctzt verschiedene Formen der B\u00fcrgerbeteiligung im Bereich Politik, Verwaltung und \u00d6ffentlichkeit und finanziert Projekte, die der Verbesserung und Entwicklung des Stadtgebietes Chemnitz-Mitte zugute kommen. Weiterhin beurteilt sie Bauvorhaben und beeinflusst Planungsprozesse analog der \u201eTr\u00e4ger \u00f6ffentlicher Belange\u201c (T\u00f6B) in der Planungshoheit der Stadt innerhalb des Stadtgebietes Chemnitz-Mitte.<\/p>\n","protected":false},"excerpt":{"rendered":"<p>WAS IST DIE B\u00dcRGERPLATTFORM CHEMNITZ-MITTE? Die B\u00fcrgerplattform Chemnitz-Mitte ist ein freiwilliger Zusammenschluss von B\u00fcrgerinnen und B\u00fcrgern, die im Stadtgebiet Chemnitz-Mitte (Zentrum, Bernsdorf, Lutherviertel, Altchemnitz, Kapellenberg) wohnen oder durch Mitgliedschaft in Vereinen\/ Organisationen oder ihre T\u00e4tigkeit mit dem Stadtgebiet Chemnitz-Mitte verbunden<\/p>\n","protected":false},"author":1,"featured_media":0,"parent":0,"menu_order":0,"comment_status":"closed","ping_status":"closed","template":"","meta":{"footnotes":""},"class_list":["post-6","page","type-page","status-publish","hentry"],"_links":{"self":[{"href":"https:\/\/buergerplattform-chemnitz-mitte.de\/index.php?rest_route=\/wp\/v2\/pages\/6","targetHints":{"allow":["GET"]}}],"collection":[{"href":"https:\/\/buergerplattform-chemnitz-mitte.de\/index.php?rest_route=\/wp\/v2\/pages"}],"about":[{"href":"https:\/\/buergerplattform-chemnitz-mitte.de\/index.php?rest_route=\/wp\/v2\/types\/page"}],"author":[{"embeddable":true,"href":"https:\/\/buergerplattform-chemnitz-mitte.de\/index.php?rest_route=\/wp\/v2\/users\/1"}],"replies":[{"embeddable":true,"href":"https:\/\/buergerplattform-chemnitz-mitte.de\/index.php?rest_route=%2Fwp%2Fv2%2Fcomments&post=6"}],"version-history":[{"count":9,"href":"https:\/\/buergerplattform-chemnitz-mitte.de\/index.php?rest_route=\/wp\/v2\/pages\/6\/revisions"}],"predecessor-version":[{"id":874,"href":"https:\/\/buergerplattform-chemnitz-mitte.de\/index.php?rest_route=\/wp\/v2\/pages\/6\/revisions\/874"}],"wp:attachment":[{"href":"https:\/\/buergerplattform-chemnitz-mitte.de\/index.php?rest_route=%2Fwp%2Fv2%2Fmedia&parent=6"}],"curies":[{"name":"wp","href":"https:\/\/api.w.org\/{rel}","templated":true}]}}