{"id":605,"date":"2019-07-22T13:59:14","date_gmt":"2019-07-22T11:59:14","guid":{"rendered":"https:\/\/buergerplattform-chemnitz-mitte.de\/?page_id=605"},"modified":"2019-07-22T14:00:31","modified_gmt":"2019-07-22T12:00:31","slug":"b-plan-erweiterung-der-bestehenden-bmx-anlage","status":"publish","type":"page","link":"https:\/\/buergerplattform-chemnitz-mitte.de\/?page_id=605","title":{"rendered":"B-Plan &#8211; Erweiterung der bestehenden BMX-Anlage"},"content":{"rendered":"\n<p>Mit der Skater-Rampe erh\u00e4lt der B-Plan eine neue Attraktion f\u00fcr seine Kids und erf\u00e4hrt somit eine Aufwertung der seit 20 Jahren bestehenden und stadtweit bekannten Einrichtung f\u00fcr junge Menschen im Stadtteil Bernsdorf. <\/p>\n\n\n\n<p>F\u00f6rderung durch die B\u00fcrgerplattform Chemnitz-Mitte in H\u00f6he von 1.000,00 Euro.  <\/p>\n","protected":false},"excerpt":{"rendered":"<p>Mit der Skater-Rampe erh\u00e4lt der B-Plan eine neue Attraktion f\u00fcr seine Kids und erf\u00e4hrt somit eine Aufwertung der seit 20 Jahren bestehenden und stadtweit bekannten Einrichtung f\u00fcr junge Menschen im Stadtteil Bernsdorf. F\u00f6rderung durch die B\u00fcrgerplattform Chemnitz-Mitte in H\u00f6he von<\/p>\n","protected":false},"author":1,"featured_media":0,"parent":0,"menu_order":0,"comment_status":"closed","ping_status":"closed","template":"","meta":{"footnotes":""},"class_list":["post-605","page","type-page","status-publish","hentry"],"_links":{"self":[{"href":"https:\/\/buergerplattform-chemnitz-mitte.de\/index.php?rest_route=\/wp\/v2\/pages\/605","targetHints":{"allow":["GET"]}}],"collection":[{"href":"https:\/\/buergerplattform-chemnitz-mitte.de\/index.php?rest_route=\/wp\/v2\/pages"}],"about":[{"href":"https:\/\/buergerplattform-chemnitz-mitte.de\/index.php?rest_route=\/wp\/v2\/types\/page"}],"author":[{"embeddable":true,"href":"https:\/\/buergerplattform-chemnitz-mitte.de\/index.php?rest_route=\/wp\/v2\/users\/1"}],"replies":[{"embeddable":true,"href":"https:\/\/buergerplattform-chemnitz-mitte.de\/index.php?rest_route=%2Fwp%2Fv2%2Fcomments&post=605"}],"version-history":[{"count":2,"href":"https:\/\/buergerplattform-chemnitz-mitte.de\/index.php?rest_route=\/wp\/v2\/pages\/605\/revisions"}],"predecessor-version":[{"id":608,"href":"https:\/\/buergerplattform-chemnitz-mitte.de\/index.php?rest_route=\/wp\/v2\/pages\/605\/revisions\/608"}],"wp:attachment":[{"href":"https:\/\/buergerplattform-chemnitz-mitte.de\/index.php?rest_route=%2Fwp%2Fv2%2Fmedia&parent=605"}],"curies":[{"name":"wp","href":"https:\/\/api.w.org\/{rel}","templated":true}]}}