{"id":609,"date":"2019-07-22T14:05:23","date_gmt":"2019-07-22T12:05:23","guid":{"rendered":"https:\/\/buergerplattform-chemnitz-mitte.de\/?page_id=609"},"modified":"2019-07-22T14:05:23","modified_gmt":"2019-07-22T12:05:23","slug":"mein-ganz-privates-deutschland-chemnitz","status":"publish","type":"page","link":"https:\/\/buergerplattform-chemnitz-mitte.de\/?page_id=609","title":{"rendered":"Mein ganz privates Deutschland: Chemnitz"},"content":{"rendered":"\n<p>\u00bbMein ganz privates Deutschland\u00ab ist eine partizipative Langzeitperformance und Soziale Plastik, die sich zum Ziel gesetzt hat, die heutige Gesellschaft in Deutschland zu portraitieren. Daf\u00fcr macht <a rel=\"noreferrer noopener\" href=\"http:\/\/www.fraukefrech.com\" target=\"_blank\">Frauke Frech <\/a>Station in Chemnitz, teilt ein St\u00fcck Alltag mit den Menschen dieser Stadt um herauszufinden, was sie bewegt und was sie sich w\u00fcnschen. Welche Perspektiven haben sie sich seit der Wende geschaffen und was wollten sie schon immer einmal anpacken? <\/p>\n\n\n\n<p>F\u00f6rderung durch die B\u00fcrgerplattform Chemnitz-Mitte in H\u00f6he von 1.000,00 Euro.   <\/p>\n","protected":false},"excerpt":{"rendered":"<p>\u00bbMein ganz privates Deutschland\u00ab ist eine partizipative Langzeitperformance und Soziale Plastik, die sich zum Ziel gesetzt hat, die heutige Gesellschaft in Deutschland zu portraitieren. Daf\u00fcr macht Frauke Frech Station in Chemnitz, teilt ein St\u00fcck Alltag mit den Menschen dieser Stadt<\/p>\n","protected":false},"author":1,"featured_media":0,"parent":0,"menu_order":0,"comment_status":"closed","ping_status":"closed","template":"","meta":{"footnotes":""},"class_list":["post-609","page","type-page","status-publish","hentry"],"_links":{"self":[{"href":"https:\/\/buergerplattform-chemnitz-mitte.de\/index.php?rest_route=\/wp\/v2\/pages\/609","targetHints":{"allow":["GET"]}}],"collection":[{"href":"https:\/\/buergerplattform-chemnitz-mitte.de\/index.php?rest_route=\/wp\/v2\/pages"}],"about":[{"href":"https:\/\/buergerplattform-chemnitz-mitte.de\/index.php?rest_route=\/wp\/v2\/types\/page"}],"author":[{"embeddable":true,"href":"https:\/\/buergerplattform-chemnitz-mitte.de\/index.php?rest_route=\/wp\/v2\/users\/1"}],"replies":[{"embeddable":true,"href":"https:\/\/buergerplattform-chemnitz-mitte.de\/index.php?rest_route=%2Fwp%2Fv2%2Fcomments&post=609"}],"version-history":[{"count":1,"href":"https:\/\/buergerplattform-chemnitz-mitte.de\/index.php?rest_route=\/wp\/v2\/pages\/609\/revisions"}],"predecessor-version":[{"id":611,"href":"https:\/\/buergerplattform-chemnitz-mitte.de\/index.php?rest_route=\/wp\/v2\/pages\/609\/revisions\/611"}],"wp:attachment":[{"href":"https:\/\/buergerplattform-chemnitz-mitte.de\/index.php?rest_route=%2Fwp%2Fv2%2Fmedia&parent=609"}],"curies":[{"name":"wp","href":"https:\/\/api.w.org\/{rel}","templated":true}]}}