{"id":626,"date":"2019-07-22T14:32:35","date_gmt":"2019-07-22T12:32:35","guid":{"rendered":"https:\/\/buergerplattform-chemnitz-mitte.de\/?page_id=626"},"modified":"2019-07-22T14:32:35","modified_gmt":"2019-07-22T12:32:35","slug":"buergerinitiative-kapellenberg-zivilgesellschaftliches-engagement","status":"publish","type":"page","link":"https:\/\/buergerplattform-chemnitz-mitte.de\/?page_id=626","title":{"rendered":"B\u00fcrgerinitiative Kapellenberg &#8211; Zivilgesellschaftliches Engagement"},"content":{"rendered":"\n<p>Die B\u00fcrgerinitiative Kapellenberg setzt sich f\u00fcr die Sicherung der Grund- und Nahversorgung mit Waren des t\u00e4glichen Bedarfs und den uneingeschr\u00e4nkten Zugang zur Kaufhalle Kapellenberg ein. Ziel der B\u00fcrgerinitiative ist unter anderem die selbstbestimmte Gestaltung von Zusammenk\u00fcnften und Projekten durch die Bewohner*innen. <\/p>\n\n\n\n<p>F\u00f6rderung durch die B\u00fcrgerplattform Chemnitz-Mitte in H\u00f6he von 450,00 Euro.  <\/p>\n","protected":false},"excerpt":{"rendered":"<p>Die B\u00fcrgerinitiative Kapellenberg setzt sich f\u00fcr die Sicherung der Grund- und Nahversorgung mit Waren des t\u00e4glichen Bedarfs und den uneingeschr\u00e4nkten Zugang zur Kaufhalle Kapellenberg ein. Ziel der B\u00fcrgerinitiative ist unter anderem die selbstbestimmte Gestaltung von Zusammenk\u00fcnften und Projekten durch die<\/p>\n","protected":false},"author":1,"featured_media":0,"parent":0,"menu_order":0,"comment_status":"closed","ping_status":"closed","template":"","meta":{"footnotes":""},"class_list":["post-626","page","type-page","status-publish","hentry"],"_links":{"self":[{"href":"https:\/\/buergerplattform-chemnitz-mitte.de\/index.php?rest_route=\/wp\/v2\/pages\/626","targetHints":{"allow":["GET"]}}],"collection":[{"href":"https:\/\/buergerplattform-chemnitz-mitte.de\/index.php?rest_route=\/wp\/v2\/pages"}],"about":[{"href":"https:\/\/buergerplattform-chemnitz-mitte.de\/index.php?rest_route=\/wp\/v2\/types\/page"}],"author":[{"embeddable":true,"href":"https:\/\/buergerplattform-chemnitz-mitte.de\/index.php?rest_route=\/wp\/v2\/users\/1"}],"replies":[{"embeddable":true,"href":"https:\/\/buergerplattform-chemnitz-mitte.de\/index.php?rest_route=%2Fwp%2Fv2%2Fcomments&post=626"}],"version-history":[{"count":1,"href":"https:\/\/buergerplattform-chemnitz-mitte.de\/index.php?rest_route=\/wp\/v2\/pages\/626\/revisions"}],"predecessor-version":[{"id":628,"href":"https:\/\/buergerplattform-chemnitz-mitte.de\/index.php?rest_route=\/wp\/v2\/pages\/626\/revisions\/628"}],"wp:attachment":[{"href":"https:\/\/buergerplattform-chemnitz-mitte.de\/index.php?rest_route=%2Fwp%2Fv2%2Fmedia&parent=626"}],"curies":[{"name":"wp","href":"https:\/\/api.w.org\/{rel}","templated":true}]}}