{"id":629,"date":"2019-07-22T14:35:10","date_gmt":"2019-07-22T12:35:10","guid":{"rendered":"https:\/\/buergerplattform-chemnitz-mitte.de\/?page_id=629"},"modified":"2019-07-22T14:35:10","modified_gmt":"2019-07-22T12:35:10","slug":"fruehjahrsblueher","status":"publish","type":"page","link":"https:\/\/buergerplattform-chemnitz-mitte.de\/?page_id=629","title":{"rendered":"Fr\u00fchjahrsbl\u00fcher"},"content":{"rendered":"\n<p>Die AG Umwelt der Valentina-Tereschkowa-Grundschule sorgt f\u00fcr einen sch\u00f6neren Au\u00dfenbereich &#8211; schon im Herbst werden die Fr\u00fchlingsbl\u00fcher ges\u00e4t. <\/p>\n\n\n\n<p>F\u00f6rderung durch die B\u00fcrgerplattform Chemnitz-Mitte in H\u00f6he von 150,00 Euro.  <\/p>\n","protected":false},"excerpt":{"rendered":"<p>Die AG Umwelt der Valentina-Tereschkowa-Grundschule sorgt f\u00fcr einen sch\u00f6neren Au\u00dfenbereich &#8211; schon im Herbst werden die Fr\u00fchlingsbl\u00fcher ges\u00e4t. F\u00f6rderung durch die B\u00fcrgerplattform Chemnitz-Mitte in H\u00f6he von 150,00 Euro.<\/p>\n","protected":false},"author":1,"featured_media":0,"parent":0,"menu_order":0,"comment_status":"closed","ping_status":"closed","template":"","meta":{"footnotes":""},"class_list":["post-629","page","type-page","status-publish","hentry"],"_links":{"self":[{"href":"https:\/\/buergerplattform-chemnitz-mitte.de\/index.php?rest_route=\/wp\/v2\/pages\/629","targetHints":{"allow":["GET"]}}],"collection":[{"href":"https:\/\/buergerplattform-chemnitz-mitte.de\/index.php?rest_route=\/wp\/v2\/pages"}],"about":[{"href":"https:\/\/buergerplattform-chemnitz-mitte.de\/index.php?rest_route=\/wp\/v2\/types\/page"}],"author":[{"embeddable":true,"href":"https:\/\/buergerplattform-chemnitz-mitte.de\/index.php?rest_route=\/wp\/v2\/users\/1"}],"replies":[{"embeddable":true,"href":"https:\/\/buergerplattform-chemnitz-mitte.de\/index.php?rest_route=%2Fwp%2Fv2%2Fcomments&post=629"}],"version-history":[{"count":1,"href":"https:\/\/buergerplattform-chemnitz-mitte.de\/index.php?rest_route=\/wp\/v2\/pages\/629\/revisions"}],"predecessor-version":[{"id":631,"href":"https:\/\/buergerplattform-chemnitz-mitte.de\/index.php?rest_route=\/wp\/v2\/pages\/629\/revisions\/631"}],"wp:attachment":[{"href":"https:\/\/buergerplattform-chemnitz-mitte.de\/index.php?rest_route=%2Fwp%2Fv2%2Fmedia&parent=629"}],"curies":[{"name":"wp","href":"https:\/\/api.w.org\/{rel}","templated":true}]}}