{"id":634,"date":"2019-07-22T14:42:17","date_gmt":"2019-07-22T12:42:17","guid":{"rendered":"https:\/\/buergerplattform-chemnitz-mitte.de\/?page_id=634"},"modified":"2019-07-22T14:42:17","modified_gmt":"2019-07-22T12:42:17","slug":"ausstellung-im-interdisziplinaeren-fruehfoerderzentrum","status":"publish","type":"page","link":"https:\/\/buergerplattform-chemnitz-mitte.de\/?page_id=634","title":{"rendered":"Ausstellung im interdisziplin\u00e4ren Fr\u00fchf\u00f6rderzentrum"},"content":{"rendered":"\n<p>Das <a rel=\"noreferrer noopener\" href=\"http:\/\/www.heimggmbh.de\/aktuell\" target=\"_blank\">Interdisziplin\u00e4res Fr\u00fchf\u00f6rderzentrum<\/a> der Heim gemeinn\u00fctzigen GmbH ist ab 09. November 2015 f\u00fcr drei Wochen Gastgeber f\u00fcr eine besondere Ausstellung. <\/p>\n\n\n\n<p>Der Ank\u00fcndigungstext der Initiatoren gibt Folgendes wieder: Mit der Ausstellung \u201eT\u00f8nsberg und Thor Steinar \u2013 vom nationalsozialistischen Konzentrationslager zum rechten Szeneladen\u201c erweitert das B\u00fcndnis Bunter Br\u00fchl die Auseinandersetzung mit der vermeintlich unpolitischen Kleidungsmarke um eine wichtige historische Komponente. Es wird gezeigt, dass Thor Steinar bzw. das Tragen der Marke keinesfalls unpolitisch ist und die Namenswahl f\u00fcr das Gesch\u00e4ft in Chemnitz nicht nur auf eine \u201enormale\u201c norwegische Stadt verweist. <\/p>\n\n\n\n<p>Erstmals werden Einblicke in die\u00a0 unheilvolle Geschichte des Lagers Tonsberg und damit wissenschaftliche Forschungsergebnisse von Bjarte Bruland, dem Chefkurator des J\u00fcdischen Museums in Oslo, und seiner Mitstreiter vorgestellt. <\/p>\n\n\n\n<p>F\u00f6rderung durch die B\u00fcrgerplattform Chemnitz-Mitte in H\u00f6he von 330,00 Euro. <\/p>\n","protected":false},"excerpt":{"rendered":"<p>Das Interdisziplin\u00e4res Fr\u00fchf\u00f6rderzentrum der Heim gemeinn\u00fctzigen GmbH ist ab 09. November 2015 f\u00fcr drei Wochen Gastgeber f\u00fcr eine besondere Ausstellung. Der Ank\u00fcndigungstext der Initiatoren gibt Folgendes wieder: Mit der Ausstellung \u201eT\u00f8nsberg und Thor Steinar \u2013 vom nationalsozialistischen Konzentrationslager zum rechten<\/p>\n","protected":false},"author":1,"featured_media":0,"parent":0,"menu_order":0,"comment_status":"closed","ping_status":"closed","template":"","meta":{"footnotes":""},"class_list":["post-634","page","type-page","status-publish","hentry"],"_links":{"self":[{"href":"https:\/\/buergerplattform-chemnitz-mitte.de\/index.php?rest_route=\/wp\/v2\/pages\/634","targetHints":{"allow":["GET"]}}],"collection":[{"href":"https:\/\/buergerplattform-chemnitz-mitte.de\/index.php?rest_route=\/wp\/v2\/pages"}],"about":[{"href":"https:\/\/buergerplattform-chemnitz-mitte.de\/index.php?rest_route=\/wp\/v2\/types\/page"}],"author":[{"embeddable":true,"href":"https:\/\/buergerplattform-chemnitz-mitte.de\/index.php?rest_route=\/wp\/v2\/users\/1"}],"replies":[{"embeddable":true,"href":"https:\/\/buergerplattform-chemnitz-mitte.de\/index.php?rest_route=%2Fwp%2Fv2%2Fcomments&post=634"}],"version-history":[{"count":1,"href":"https:\/\/buergerplattform-chemnitz-mitte.de\/index.php?rest_route=\/wp\/v2\/pages\/634\/revisions"}],"predecessor-version":[{"id":636,"href":"https:\/\/buergerplattform-chemnitz-mitte.de\/index.php?rest_route=\/wp\/v2\/pages\/634\/revisions\/636"}],"wp:attachment":[{"href":"https:\/\/buergerplattform-chemnitz-mitte.de\/index.php?rest_route=%2Fwp%2Fv2%2Fmedia&parent=634"}],"curies":[{"name":"wp","href":"https:\/\/api.w.org\/{rel}","templated":true}]}}