{"id":640,"date":"2019-07-22T14:47:40","date_gmt":"2019-07-22T12:47:40","guid":{"rendered":"https:\/\/buergerplattform-chemnitz-mitte.de\/?page_id=640"},"modified":"2019-07-22T14:47:40","modified_gmt":"2019-07-22T12:47:40","slug":"bauwagen-im-kinder-und-jugendclub-b-plan","status":"publish","type":"page","link":"https:\/\/buergerplattform-chemnitz-mitte.de\/?page_id=640","title":{"rendered":"Bauwagen im Kinder- und Jugendclub B-Plan"},"content":{"rendered":"\n<p>Im <a rel=\"noreferrer noopener\" href=\"http:\/\/bplan-chemnitz.de\" target=\"_blank\">B-Plan<\/a> werden die Mitarbeiter*innen gemeinsam mit den Kindern und Jugendlichen, die die Einrichtung regelm\u00e4\u00dfig besuchen, einen Bauwagen instandsetzen und damit einen neuen Aufenthaltsraum im B-Plan schaffen. <\/p>\n\n\n\n<p>F\u00f6rderung durch die B\u00fcrgerplattform Chemnitz-Mitte in H\u00f6he von 400,00 Euro. <\/p>\n","protected":false},"excerpt":{"rendered":"<p>Im B-Plan werden die Mitarbeiter*innen gemeinsam mit den Kindern und Jugendlichen, die die Einrichtung regelm\u00e4\u00dfig besuchen, einen Bauwagen instandsetzen und damit einen neuen Aufenthaltsraum im B-Plan schaffen. F\u00f6rderung durch die B\u00fcrgerplattform Chemnitz-Mitte in H\u00f6he von 400,00 Euro.<\/p>\n","protected":false},"author":1,"featured_media":0,"parent":0,"menu_order":0,"comment_status":"closed","ping_status":"closed","template":"","meta":{"footnotes":""},"class_list":["post-640","page","type-page","status-publish","hentry"],"_links":{"self":[{"href":"https:\/\/buergerplattform-chemnitz-mitte.de\/index.php?rest_route=\/wp\/v2\/pages\/640","targetHints":{"allow":["GET"]}}],"collection":[{"href":"https:\/\/buergerplattform-chemnitz-mitte.de\/index.php?rest_route=\/wp\/v2\/pages"}],"about":[{"href":"https:\/\/buergerplattform-chemnitz-mitte.de\/index.php?rest_route=\/wp\/v2\/types\/page"}],"author":[{"embeddable":true,"href":"https:\/\/buergerplattform-chemnitz-mitte.de\/index.php?rest_route=\/wp\/v2\/users\/1"}],"replies":[{"embeddable":true,"href":"https:\/\/buergerplattform-chemnitz-mitte.de\/index.php?rest_route=%2Fwp%2Fv2%2Fcomments&post=640"}],"version-history":[{"count":1,"href":"https:\/\/buergerplattform-chemnitz-mitte.de\/index.php?rest_route=\/wp\/v2\/pages\/640\/revisions"}],"predecessor-version":[{"id":642,"href":"https:\/\/buergerplattform-chemnitz-mitte.de\/index.php?rest_route=\/wp\/v2\/pages\/640\/revisions\/642"}],"wp:attachment":[{"href":"https:\/\/buergerplattform-chemnitz-mitte.de\/index.php?rest_route=%2Fwp%2Fv2%2Fmedia&parent=640"}],"curies":[{"name":"wp","href":"https:\/\/api.w.org\/{rel}","templated":true}]}}