{"id":654,"date":"2019-07-22T15:07:24","date_gmt":"2019-07-22T13:07:24","guid":{"rendered":"https:\/\/buergerplattform-chemnitz-mitte.de\/?page_id=654"},"modified":"2019-07-22T15:07:24","modified_gmt":"2019-07-22T13:07:24","slug":"stoff-auf-den-kopf","status":"publish","type":"page","link":"https:\/\/buergerplattform-chemnitz-mitte.de\/?page_id=654","title":{"rendered":"Stoff auf den Kopf"},"content":{"rendered":"\n<p>Der Projekttr\u00e4ger oofabric plant ab 09. August 2016 bis 02. September 2016  die Durchf\u00fchrung von Workshops und Interkulturellem Dialog f\u00fcr Sch\u00fcler*innen der Annenschule anhand von Kopfbedeckungen in den Kunstsammlungen Chemnitz.<\/p>\n\n\n\n<p>F\u00f6rderung durch die B\u00fcrgerplattform Chemnitz-Mitte in H\u00f6he von 500,00 Euro <\/p>\n","protected":false},"excerpt":{"rendered":"<p>Der Projekttr\u00e4ger oofabric plant ab 09. August 2016 bis 02. September 2016 die Durchf\u00fchrung von Workshops und Interkulturellem Dialog f\u00fcr Sch\u00fcler*innen der Annenschule anhand von Kopfbedeckungen in den Kunstsammlungen Chemnitz. F\u00f6rderung durch die B\u00fcrgerplattform Chemnitz-Mitte in H\u00f6he von 500,00 Euro<\/p>\n","protected":false},"author":1,"featured_media":0,"parent":0,"menu_order":0,"comment_status":"closed","ping_status":"closed","template":"","meta":{"footnotes":""},"class_list":["post-654","page","type-page","status-publish","hentry"],"_links":{"self":[{"href":"https:\/\/buergerplattform-chemnitz-mitte.de\/index.php?rest_route=\/wp\/v2\/pages\/654","targetHints":{"allow":["GET"]}}],"collection":[{"href":"https:\/\/buergerplattform-chemnitz-mitte.de\/index.php?rest_route=\/wp\/v2\/pages"}],"about":[{"href":"https:\/\/buergerplattform-chemnitz-mitte.de\/index.php?rest_route=\/wp\/v2\/types\/page"}],"author":[{"embeddable":true,"href":"https:\/\/buergerplattform-chemnitz-mitte.de\/index.php?rest_route=\/wp\/v2\/users\/1"}],"replies":[{"embeddable":true,"href":"https:\/\/buergerplattform-chemnitz-mitte.de\/index.php?rest_route=%2Fwp%2Fv2%2Fcomments&post=654"}],"version-history":[{"count":1,"href":"https:\/\/buergerplattform-chemnitz-mitte.de\/index.php?rest_route=\/wp\/v2\/pages\/654\/revisions"}],"predecessor-version":[{"id":656,"href":"https:\/\/buergerplattform-chemnitz-mitte.de\/index.php?rest_route=\/wp\/v2\/pages\/654\/revisions\/656"}],"wp:attachment":[{"href":"https:\/\/buergerplattform-chemnitz-mitte.de\/index.php?rest_route=%2Fwp%2Fv2%2Fmedia&parent=654"}],"curies":[{"name":"wp","href":"https:\/\/api.w.org\/{rel}","templated":true}]}}