{"id":657,"date":"2019-07-22T15:12:12","date_gmt":"2019-07-22T13:12:12","guid":{"rendered":"https:\/\/buergerplattform-chemnitz-mitte.de\/?page_id=657"},"modified":"2019-07-22T15:12:12","modified_gmt":"2019-07-22T13:12:12","slug":"kulturleben-buergerfest-10-jahre-buergerinitiative-chemnitzer-city-e-v","status":"publish","type":"page","link":"https:\/\/buergerplattform-chemnitz-mitte.de\/?page_id=657","title":{"rendered":"KulturLeben &#8211; B\u00fcrgerfest 10 Jahre B\u00fcrgerinitiative Chemnitzer City e.V."},"content":{"rendered":"\n<p>Mit dem Fest am 08. Juli 2016 soll die Verbundenheit mit dem Stadtteil demonstriert und weiter gefestigt werden. Es ordnet sich ein in eine Reihe von kleinen Leistungsschauen kreativer Bet\u00e4tigung im Rahmen des B\u00fcrgerhauses City und tr\u00e4gt zur Belebung des Rosenhofes bei.<\/p>\n\n\n\n<p>F\u00f6rderung durch die B\u00fcrgerplattform Chemnitz-Mitte in H\u00f6he von 1.000,00 Euro.<\/p>\n","protected":false},"excerpt":{"rendered":"<p>Mit dem Fest am 08. Juli 2016 soll die Verbundenheit mit dem Stadtteil demonstriert und weiter gefestigt werden. Es ordnet sich ein in eine Reihe von kleinen Leistungsschauen kreativer Bet\u00e4tigung im Rahmen des B\u00fcrgerhauses City und tr\u00e4gt zur Belebung des<\/p>\n","protected":false},"author":1,"featured_media":0,"parent":0,"menu_order":0,"comment_status":"closed","ping_status":"closed","template":"","meta":{"footnotes":""},"class_list":["post-657","page","type-page","status-publish","hentry"],"_links":{"self":[{"href":"https:\/\/buergerplattform-chemnitz-mitte.de\/index.php?rest_route=\/wp\/v2\/pages\/657","targetHints":{"allow":["GET"]}}],"collection":[{"href":"https:\/\/buergerplattform-chemnitz-mitte.de\/index.php?rest_route=\/wp\/v2\/pages"}],"about":[{"href":"https:\/\/buergerplattform-chemnitz-mitte.de\/index.php?rest_route=\/wp\/v2\/types\/page"}],"author":[{"embeddable":true,"href":"https:\/\/buergerplattform-chemnitz-mitte.de\/index.php?rest_route=\/wp\/v2\/users\/1"}],"replies":[{"embeddable":true,"href":"https:\/\/buergerplattform-chemnitz-mitte.de\/index.php?rest_route=%2Fwp%2Fv2%2Fcomments&post=657"}],"version-history":[{"count":1,"href":"https:\/\/buergerplattform-chemnitz-mitte.de\/index.php?rest_route=\/wp\/v2\/pages\/657\/revisions"}],"predecessor-version":[{"id":659,"href":"https:\/\/buergerplattform-chemnitz-mitte.de\/index.php?rest_route=\/wp\/v2\/pages\/657\/revisions\/659"}],"wp:attachment":[{"href":"https:\/\/buergerplattform-chemnitz-mitte.de\/index.php?rest_route=%2Fwp%2Fv2%2Fmedia&parent=657"}],"curies":[{"name":"wp","href":"https:\/\/api.w.org\/{rel}","templated":true}]}}