{"id":664,"date":"2019-07-22T15:27:25","date_gmt":"2019-07-22T13:27:25","guid":{"rendered":"https:\/\/buergerplattform-chemnitz-mitte.de\/?page_id=664"},"modified":"2019-07-22T15:27:25","modified_gmt":"2019-07-22T13:27:25","slug":"baustellenparty-der-reitbahnhaendler","status":"publish","type":"page","link":"https:\/\/buergerplattform-chemnitz-mitte.de\/?page_id=664","title":{"rendered":"Baustellenparty der Reitbahnh\u00e4ndler"},"content":{"rendered":"\n<p>Die seit \u00fcber einem Jahr andauernden Bauarbeiten des Chemnitzer Modells und die seit Februar zus\u00e4tzliche Kanalerneuerung an der Reitbahnstra\u00dfe stellen Bewohner*innen, Passanten und H\u00e4ndler*innen an der Reitbahnstra\u00dfe auf eine arge Geduldsprobe. So wird t\u00e4glich mit L\u00e4rm, Schmutz und Beeintr\u00e4chtigungen der Stra\u00dfen- und Fu\u00dfwegf\u00fchrung geduldig umgegangen. Um wieder ein positives Image f\u00fcr die Reitbahnstra\u00dfe zu entwickeln wollen die H\u00e4ndler*innen der Reitbahnstra\u00dfe  feiern, egal ob der Bagger rollt oder die Schaufeln klappern. Das Fest soll f\u00fcr die ganze Familie sein. Attraktionen an diesem Tag sind die Ponys der Conchita Ranch, Musik von Frans Firlefanz, Indische T\u00e4nzer*innen und ein Laufradrennen, bei dem der Radschlag 4 neue Laufr\u00e4der verlost.<\/p>\n\n\n\n<p>Termin: 19. Mai 2017<\/p>\n\n\n\n<p>F\u00f6rderung durch die B\u00fcrgerplattform Chemnitz-Mitte in H\u00f6he von 150,00 Euro.    <\/p>\n","protected":false},"excerpt":{"rendered":"<p>Die seit \u00fcber einem Jahr andauernden Bauarbeiten des Chemnitzer Modells und die seit Februar zus\u00e4tzliche Kanalerneuerung an der Reitbahnstra\u00dfe stellen Bewohner*innen, Passanten und H\u00e4ndler*innen an der Reitbahnstra\u00dfe auf eine arge Geduldsprobe. So wird t\u00e4glich mit L\u00e4rm, Schmutz und Beeintr\u00e4chtigungen der<\/p>\n","protected":false},"author":1,"featured_media":0,"parent":0,"menu_order":0,"comment_status":"closed","ping_status":"closed","template":"","meta":{"footnotes":""},"class_list":["post-664","page","type-page","status-publish","hentry"],"_links":{"self":[{"href":"https:\/\/buergerplattform-chemnitz-mitte.de\/index.php?rest_route=\/wp\/v2\/pages\/664","targetHints":{"allow":["GET"]}}],"collection":[{"href":"https:\/\/buergerplattform-chemnitz-mitte.de\/index.php?rest_route=\/wp\/v2\/pages"}],"about":[{"href":"https:\/\/buergerplattform-chemnitz-mitte.de\/index.php?rest_route=\/wp\/v2\/types\/page"}],"author":[{"embeddable":true,"href":"https:\/\/buergerplattform-chemnitz-mitte.de\/index.php?rest_route=\/wp\/v2\/users\/1"}],"replies":[{"embeddable":true,"href":"https:\/\/buergerplattform-chemnitz-mitte.de\/index.php?rest_route=%2Fwp%2Fv2%2Fcomments&post=664"}],"version-history":[{"count":1,"href":"https:\/\/buergerplattform-chemnitz-mitte.de\/index.php?rest_route=\/wp\/v2\/pages\/664\/revisions"}],"predecessor-version":[{"id":666,"href":"https:\/\/buergerplattform-chemnitz-mitte.de\/index.php?rest_route=\/wp\/v2\/pages\/664\/revisions\/666"}],"wp:attachment":[{"href":"https:\/\/buergerplattform-chemnitz-mitte.de\/index.php?rest_route=%2Fwp%2Fv2%2Fmedia&parent=664"}],"curies":[{"name":"wp","href":"https:\/\/api.w.org\/{rel}","templated":true}]}}