{"id":670,"date":"2019-07-22T15:42:14","date_gmt":"2019-07-22T13:42:14","guid":{"rendered":"https:\/\/buergerplattform-chemnitz-mitte.de\/?page_id=670"},"modified":"2019-07-22T15:42:14","modified_gmt":"2019-07-22T13:42:14","slug":"neugestaltung-eingangsbereich-reitbahnhaus","status":"publish","type":"page","link":"https:\/\/buergerplattform-chemnitz-mitte.de\/?page_id=670","title":{"rendered":"Neugestaltung Eingangsbereich Reitbahnhaus"},"content":{"rendered":"\n<p>Die Heim gGmbH als Tr\u00e4ger des Reitbahnhauses m\u00f6chte den \u00f6ffentlich zug\u00e4nglichen Au\u00dfenbereich rund um den Eingang des Geb\u00e4udes neu und ansprechend gestalten. Hierzu wird eine Sitzbank f\u00fcr Ruhepausen aufgestellt und um den Zugang f\u00fcr Gro\u00df und Klein zu erleichtern, ein Treppengel\u00e4nder mit Handlauf f\u00fcr Kinder und Erwachsene angebracht.<\/p>\n\n\n\n<p>F\u00f6rderung durch die B\u00fcrgerplattform Chemnitz-Mitte in H\u00f6he von 779,45 Euro.    <\/p>\n\n\n\n<p><\/p>\n","protected":false},"excerpt":{"rendered":"<p>Die Heim gGmbH als Tr\u00e4ger des Reitbahnhauses m\u00f6chte den \u00f6ffentlich zug\u00e4nglichen Au\u00dfenbereich rund um den Eingang des Geb\u00e4udes neu und ansprechend gestalten. Hierzu wird eine Sitzbank f\u00fcr Ruhepausen aufgestellt und um den Zugang f\u00fcr Gro\u00df und Klein zu erleichtern, ein<\/p>\n","protected":false},"author":1,"featured_media":0,"parent":0,"menu_order":0,"comment_status":"closed","ping_status":"closed","template":"","meta":{"footnotes":""},"class_list":["post-670","page","type-page","status-publish","hentry"],"_links":{"self":[{"href":"https:\/\/buergerplattform-chemnitz-mitte.de\/index.php?rest_route=\/wp\/v2\/pages\/670","targetHints":{"allow":["GET"]}}],"collection":[{"href":"https:\/\/buergerplattform-chemnitz-mitte.de\/index.php?rest_route=\/wp\/v2\/pages"}],"about":[{"href":"https:\/\/buergerplattform-chemnitz-mitte.de\/index.php?rest_route=\/wp\/v2\/types\/page"}],"author":[{"embeddable":true,"href":"https:\/\/buergerplattform-chemnitz-mitte.de\/index.php?rest_route=\/wp\/v2\/users\/1"}],"replies":[{"embeddable":true,"href":"https:\/\/buergerplattform-chemnitz-mitte.de\/index.php?rest_route=%2Fwp%2Fv2%2Fcomments&post=670"}],"version-history":[{"count":1,"href":"https:\/\/buergerplattform-chemnitz-mitte.de\/index.php?rest_route=\/wp\/v2\/pages\/670\/revisions"}],"predecessor-version":[{"id":672,"href":"https:\/\/buergerplattform-chemnitz-mitte.de\/index.php?rest_route=\/wp\/v2\/pages\/670\/revisions\/672"}],"wp:attachment":[{"href":"https:\/\/buergerplattform-chemnitz-mitte.de\/index.php?rest_route=%2Fwp%2Fv2%2Fmedia&parent=670"}],"curies":[{"name":"wp","href":"https:\/\/api.w.org\/{rel}","templated":true}]}}