{"id":677,"date":"2019-07-23T10:56:19","date_gmt":"2019-07-23T08:56:19","guid":{"rendered":"https:\/\/buergerplattform-chemnitz-mitte.de\/?page_id=677"},"modified":"2019-07-23T10:56:19","modified_gmt":"2019-07-23T08:56:19","slug":"meet-new-friends-interkulturelles-begegnungsfest","status":"publish","type":"page","link":"https:\/\/buergerplattform-chemnitz-mitte.de\/?page_id=677","title":{"rendered":"Meet New Friends &#8211; Interkulturelles Begegnungsfest"},"content":{"rendered":"\n<p>Das Begegnungsfest Meet New Friends findet bereits zum wiederholten Mal statt. Im Jahr 2016 wurde dazu eingeladen neue Freund*innen sowie M\u00f6glichkeiten der Freizeitgestaltung kennenzulernen und zu entdecken. Der gro\u00dfe Erfolg hat den Familienverein f\u00fcr Gro\u00df und Klein Chemnitz e.V. darin best\u00e4rkt die Veranstaltung fortzusetzen und auszubauen. In diesem Jahr wird Frau Staatsministerin Eva Maria Stange zur Er\u00f6ffnung sprechen.<\/p>\n\n\n\n<p>Im Rahmen von Meet New Friends bieten zahlreiche Chemnitzer Vereine, Institutionen, Initiativen und Freizeiteinrichtungen in Form einer B\u00f6rse kostenfreie Aktionen an, die Familien verschiedener Kulturen aus Chemnitz ermuntern sollen in Kontakt zu treten.<\/p>\n\n\n\n<p>Begleitet wird der Tag im smac von einem bunten B\u00fchnenprogramm, Kaffee, Kuchen und Aktionen f\u00fcr Kinder, sodass die Teilnehmer*innen bein angenehmer Atmosph\u00e4re in Austausch treten k\u00f6nnen.<\/p>\n\n\n\n<p>Termin: 23.09.17<\/p>\n\n\n\n<p>F\u00f6rderung durch die B\u00fcrgerplattform Chemnitz-Mitte in H\u00f6he von 860,00 Euro.     <\/p>\n","protected":false},"excerpt":{"rendered":"<p>Das Begegnungsfest Meet New Friends findet bereits zum wiederholten Mal statt. Im Jahr 2016 wurde dazu eingeladen neue Freund*innen sowie M\u00f6glichkeiten der Freizeitgestaltung kennenzulernen und zu entdecken. Der gro\u00dfe Erfolg hat den Familienverein f\u00fcr Gro\u00df und Klein Chemnitz e.V. darin<\/p>\n","protected":false},"author":1,"featured_media":0,"parent":0,"menu_order":0,"comment_status":"closed","ping_status":"closed","template":"","meta":{"footnotes":""},"class_list":["post-677","page","type-page","status-publish","hentry"],"_links":{"self":[{"href":"https:\/\/buergerplattform-chemnitz-mitte.de\/index.php?rest_route=\/wp\/v2\/pages\/677","targetHints":{"allow":["GET"]}}],"collection":[{"href":"https:\/\/buergerplattform-chemnitz-mitte.de\/index.php?rest_route=\/wp\/v2\/pages"}],"about":[{"href":"https:\/\/buergerplattform-chemnitz-mitte.de\/index.php?rest_route=\/wp\/v2\/types\/page"}],"author":[{"embeddable":true,"href":"https:\/\/buergerplattform-chemnitz-mitte.de\/index.php?rest_route=\/wp\/v2\/users\/1"}],"replies":[{"embeddable":true,"href":"https:\/\/buergerplattform-chemnitz-mitte.de\/index.php?rest_route=%2Fwp%2Fv2%2Fcomments&post=677"}],"version-history":[{"count":1,"href":"https:\/\/buergerplattform-chemnitz-mitte.de\/index.php?rest_route=\/wp\/v2\/pages\/677\/revisions"}],"predecessor-version":[{"id":679,"href":"https:\/\/buergerplattform-chemnitz-mitte.de\/index.php?rest_route=\/wp\/v2\/pages\/677\/revisions\/679"}],"wp:attachment":[{"href":"https:\/\/buergerplattform-chemnitz-mitte.de\/index.php?rest_route=%2Fwp%2Fv2%2Fmedia&parent=677"}],"curies":[{"name":"wp","href":"https:\/\/api.w.org\/{rel}","templated":true}]}}