{"id":683,"date":"2019-07-23T11:30:13","date_gmt":"2019-07-23T09:30:13","guid":{"rendered":"https:\/\/buergerplattform-chemnitz-mitte.de\/?page_id=683"},"modified":"2019-07-23T11:30:13","modified_gmt":"2019-07-23T09:30:13","slug":"b-u-m-kultur-in-fahrt","status":"publish","type":"page","link":"https:\/\/buergerplattform-chemnitz-mitte.de\/?page_id=683","title":{"rendered":"B.U.M. &#8211; Kultur in Fahrt"},"content":{"rendered":"\n<p>Der Freundeskreis Chemnitz 2025 e.V. plant Folgendes: An voraussichtlich drei Standorten in der Chemnitzer Innenstadt sollen Bands Kurzkonzerte geben, die von den Besucher*innen mit dem Fahrrad erreicht werden. Dadurch sollen Chemnitzer*innen darauf aufmerksam gemacht werden, dass Chemnitz nicht nur eine Autostadt, sondern auch eine junge Stadt in Bewegung ist, in der unterschiedlichste kulturelle Angebote herrschen. <\/p>\n\n\n\n<p>Um die Verteiltheit der Kulturst\u00e4tten zu \u00fcberbr\u00fccken, bietet sich das Fahrrad als das perfekte Medium an. Das erste Fahrradkonzert soll darauf aufmerksam machen und mehr Menschen ermutigen das Fahrrad zu nutzen, insbesondere nach der Erfahrung, dass es gemeinsam und mit Musik noch mehr Spa\u00df macht. Eventuell kann daraus eine Reihe entstehen, die sportliche Bet\u00e4tigung und Kultur verkn\u00fcpft und somit neues Publikum f\u00fcr weitere Projekte erschlie\u00dft. <\/p>\n\n\n\n<p>Termin: 29. Mai 2019<\/p>\n\n\n\n<p>F\u00f6rderung durch die B\u00fcrgerplattform Chemnitz-Mitte in H\u00f6he von 1.000,00 Euro.     <\/p>\n","protected":false},"excerpt":{"rendered":"<p>Der Freundeskreis Chemnitz 2025 e.V. plant Folgendes: An voraussichtlich drei Standorten in der Chemnitzer Innenstadt sollen Bands Kurzkonzerte geben, die von den Besucher*innen mit dem Fahrrad erreicht werden. Dadurch sollen Chemnitzer*innen darauf aufmerksam gemacht werden, dass Chemnitz nicht nur eine<\/p>\n","protected":false},"author":1,"featured_media":0,"parent":0,"menu_order":0,"comment_status":"closed","ping_status":"closed","template":"","meta":{"footnotes":""},"class_list":["post-683","page","type-page","status-publish","hentry"],"_links":{"self":[{"href":"https:\/\/buergerplattform-chemnitz-mitte.de\/index.php?rest_route=\/wp\/v2\/pages\/683","targetHints":{"allow":["GET"]}}],"collection":[{"href":"https:\/\/buergerplattform-chemnitz-mitte.de\/index.php?rest_route=\/wp\/v2\/pages"}],"about":[{"href":"https:\/\/buergerplattform-chemnitz-mitte.de\/index.php?rest_route=\/wp\/v2\/types\/page"}],"author":[{"embeddable":true,"href":"https:\/\/buergerplattform-chemnitz-mitte.de\/index.php?rest_route=\/wp\/v2\/users\/1"}],"replies":[{"embeddable":true,"href":"https:\/\/buergerplattform-chemnitz-mitte.de\/index.php?rest_route=%2Fwp%2Fv2%2Fcomments&post=683"}],"version-history":[{"count":1,"href":"https:\/\/buergerplattform-chemnitz-mitte.de\/index.php?rest_route=\/wp\/v2\/pages\/683\/revisions"}],"predecessor-version":[{"id":685,"href":"https:\/\/buergerplattform-chemnitz-mitte.de\/index.php?rest_route=\/wp\/v2\/pages\/683\/revisions\/685"}],"wp:attachment":[{"href":"https:\/\/buergerplattform-chemnitz-mitte.de\/index.php?rest_route=%2Fwp%2Fv2%2Fmedia&parent=683"}],"curies":[{"name":"wp","href":"https:\/\/api.w.org\/{rel}","templated":true}]}}