{"id":686,"date":"2019-07-23T11:49:31","date_gmt":"2019-07-23T09:49:31","guid":{"rendered":"https:\/\/buergerplattform-chemnitz-mitte.de\/?page_id=686"},"modified":"2019-07-23T11:49:31","modified_gmt":"2019-07-23T09:49:31","slug":"stadtteilwanderung","status":"publish","type":"page","link":"https:\/\/buergerplattform-chemnitz-mitte.de\/?page_id=686","title":{"rendered":"Stadtteilwanderung"},"content":{"rendered":"\n<p>Bei einer Stadtteilwanderung stellt sich die B\u00fcrgerplattform Chemnitz-Mitte interessierten B\u00fcrger*innen vor. Gleichzeitig k\u00f6nnen Projekte\/Iniativen und Vereine im Gebiet kennengelernt werden sowie Geschichtliches zum Stadtteil.<\/p>\n\n\n\n<p>Termin: 05. April 2019<\/p>\n\n\n\n<p>F\u00f6rderung durch die B\u00fcrgerplattform Chemnitz-Mitte in H\u00f6he von 150,00 Euro.    <\/p>\n","protected":false},"excerpt":{"rendered":"<p>Bei einer Stadtteilwanderung stellt sich die B\u00fcrgerplattform Chemnitz-Mitte interessierten B\u00fcrger*innen vor. Gleichzeitig k\u00f6nnen Projekte\/Iniativen und Vereine im Gebiet kennengelernt werden sowie Geschichtliches zum Stadtteil. Termin: 05. April 2019 F\u00f6rderung durch die B\u00fcrgerplattform Chemnitz-Mitte in H\u00f6he von 150,00 Euro.<\/p>\n","protected":false},"author":1,"featured_media":0,"parent":0,"menu_order":0,"comment_status":"closed","ping_status":"closed","template":"","meta":{"footnotes":""},"class_list":["post-686","page","type-page","status-publish","hentry"],"_links":{"self":[{"href":"https:\/\/buergerplattform-chemnitz-mitte.de\/index.php?rest_route=\/wp\/v2\/pages\/686","targetHints":{"allow":["GET"]}}],"collection":[{"href":"https:\/\/buergerplattform-chemnitz-mitte.de\/index.php?rest_route=\/wp\/v2\/pages"}],"about":[{"href":"https:\/\/buergerplattform-chemnitz-mitte.de\/index.php?rest_route=\/wp\/v2\/types\/page"}],"author":[{"embeddable":true,"href":"https:\/\/buergerplattform-chemnitz-mitte.de\/index.php?rest_route=\/wp\/v2\/users\/1"}],"replies":[{"embeddable":true,"href":"https:\/\/buergerplattform-chemnitz-mitte.de\/index.php?rest_route=%2Fwp%2Fv2%2Fcomments&post=686"}],"version-history":[{"count":1,"href":"https:\/\/buergerplattform-chemnitz-mitte.de\/index.php?rest_route=\/wp\/v2\/pages\/686\/revisions"}],"predecessor-version":[{"id":688,"href":"https:\/\/buergerplattform-chemnitz-mitte.de\/index.php?rest_route=\/wp\/v2\/pages\/686\/revisions\/688"}],"wp:attachment":[{"href":"https:\/\/buergerplattform-chemnitz-mitte.de\/index.php?rest_route=%2Fwp%2Fv2%2Fmedia&parent=686"}],"curies":[{"name":"wp","href":"https:\/\/api.w.org\/{rel}","templated":true}]}}