{"id":689,"date":"2019-07-23T11:56:44","date_gmt":"2019-07-23T09:56:44","guid":{"rendered":"https:\/\/buergerplattform-chemnitz-mitte.de\/?page_id=689"},"modified":"2019-07-23T11:56:44","modified_gmt":"2019-07-23T09:56:44","slug":"infostaende-zur-europawahl-zu-europa-studien","status":"publish","type":"page","link":"https:\/\/buergerplattform-chemnitz-mitte.de\/?page_id=689","title":{"rendered":"Infost\u00e4nde zur Europawahl &#038; zu Europa-Studien"},"content":{"rendered":"\n<p>Die Initiative Europastudien e.V. organisiert im Rahmen der Europa-Woche und in Hinblick auf die bevorstehenden Europawahlen 2019 diverse Veranstaltungen im April und Mai. Bereits am 13.4. organisieren die Buntmacher e.V. einen &#8222;Dialogbazar&#8220; von 10-16h vor der Schwimmhalle Bernsdorf (Bernsdorfer Str.64), wo sich die Initiative Europastudien e.V.  beteiligt um auf die Europawahl aufmerksam zu machen. Am Europatag (9.5.) wird mit einem Infostand auf dem Campus ebenfalls f\u00fcr die Teilnahme an der Wahl geworben. Es wird auch noch einen dritten Infostand im Rahmen des Europ\u00e4ischen Nachbarschaftsfest am  10.5.19 im Rosenhof geben. <\/p>\n\n\n\n<p>Das Ziel der Infost\u00e4nde ist es, auf die am 26. Mai stattfindende Europawahl aufmerksam zu machen. <\/p>\n\n\n\n<p>F\u00f6rderung durch die B\u00fcrgerplattform Chemnitz-Mitte in H\u00f6he von 50,00 Euro.    <\/p>\n","protected":false},"excerpt":{"rendered":"<p>Die Initiative Europastudien e.V. organisiert im Rahmen der Europa-Woche und in Hinblick auf die bevorstehenden Europawahlen 2019 diverse Veranstaltungen im April und Mai. Bereits am 13.4. organisieren die Buntmacher e.V. einen &#8222;Dialogbazar&#8220; von 10-16h vor der Schwimmhalle Bernsdorf (Bernsdorfer Str.64),<\/p>\n","protected":false},"author":1,"featured_media":0,"parent":0,"menu_order":0,"comment_status":"closed","ping_status":"closed","template":"","meta":{"footnotes":""},"class_list":["post-689","page","type-page","status-publish","hentry"],"_links":{"self":[{"href":"https:\/\/buergerplattform-chemnitz-mitte.de\/index.php?rest_route=\/wp\/v2\/pages\/689","targetHints":{"allow":["GET"]}}],"collection":[{"href":"https:\/\/buergerplattform-chemnitz-mitte.de\/index.php?rest_route=\/wp\/v2\/pages"}],"about":[{"href":"https:\/\/buergerplattform-chemnitz-mitte.de\/index.php?rest_route=\/wp\/v2\/types\/page"}],"author":[{"embeddable":true,"href":"https:\/\/buergerplattform-chemnitz-mitte.de\/index.php?rest_route=\/wp\/v2\/users\/1"}],"replies":[{"embeddable":true,"href":"https:\/\/buergerplattform-chemnitz-mitte.de\/index.php?rest_route=%2Fwp%2Fv2%2Fcomments&post=689"}],"version-history":[{"count":1,"href":"https:\/\/buergerplattform-chemnitz-mitte.de\/index.php?rest_route=\/wp\/v2\/pages\/689\/revisions"}],"predecessor-version":[{"id":691,"href":"https:\/\/buergerplattform-chemnitz-mitte.de\/index.php?rest_route=\/wp\/v2\/pages\/689\/revisions\/691"}],"wp:attachment":[{"href":"https:\/\/buergerplattform-chemnitz-mitte.de\/index.php?rest_route=%2Fwp%2Fv2%2Fmedia&parent=689"}],"curies":[{"name":"wp","href":"https:\/\/api.w.org\/{rel}","templated":true}]}}