{"id":692,"date":"2019-07-23T14:13:25","date_gmt":"2019-07-23T12:13:25","guid":{"rendered":"https:\/\/buergerplattform-chemnitz-mitte.de\/?page_id=692"},"modified":"2019-07-23T14:13:25","modified_gmt":"2019-07-23T12:13:25","slug":"kantine-luxemburg","status":"publish","type":"page","link":"https:\/\/buergerplattform-chemnitz-mitte.de\/?page_id=692","title":{"rendered":"Kantine Luxemburg"},"content":{"rendered":"\n<p>Einw\u00f6chiges Festival des subbotnik e.V. <\/p>\n\n\n\n<p>Inhalt: Leben und Werk von Rosa Luxemburg, deren Todestag sich 2019 zum 100. Mal j\u00e4hrt.<\/p>\n\n\n\n<p>Zweck: Bildung, k\u00fcnstlerische Aneignung, Partizipation (insbesondere Jugendlicher) u.a. Nachhaltigkeit: Vernetzung, Diskurs relevanter Themen<\/p>\n\n\n\n<p>Termin: 05. August &#8211; 11. August 2019 <\/p>\n\n\n\n<p>F\u00f6rderung durch die B\u00fcrgerplattform Chemnitz-Mitte in H\u00f6he von 1.500,00 Euro.    <\/p>\n","protected":false},"excerpt":{"rendered":"<p>Einw\u00f6chiges Festival des subbotnik e.V. Inhalt: Leben und Werk von Rosa Luxemburg, deren Todestag sich 2019 zum 100. Mal j\u00e4hrt. Zweck: Bildung, k\u00fcnstlerische Aneignung, Partizipation (insbesondere Jugendlicher) u.a. Nachhaltigkeit: Vernetzung, Diskurs relevanter Themen Termin: 05. August &#8211; 11. August 2019<\/p>\n","protected":false},"author":1,"featured_media":0,"parent":0,"menu_order":0,"comment_status":"closed","ping_status":"closed","template":"","meta":{"footnotes":""},"class_list":["post-692","page","type-page","status-publish","hentry"],"_links":{"self":[{"href":"https:\/\/buergerplattform-chemnitz-mitte.de\/index.php?rest_route=\/wp\/v2\/pages\/692","targetHints":{"allow":["GET"]}}],"collection":[{"href":"https:\/\/buergerplattform-chemnitz-mitte.de\/index.php?rest_route=\/wp\/v2\/pages"}],"about":[{"href":"https:\/\/buergerplattform-chemnitz-mitte.de\/index.php?rest_route=\/wp\/v2\/types\/page"}],"author":[{"embeddable":true,"href":"https:\/\/buergerplattform-chemnitz-mitte.de\/index.php?rest_route=\/wp\/v2\/users\/1"}],"replies":[{"embeddable":true,"href":"https:\/\/buergerplattform-chemnitz-mitte.de\/index.php?rest_route=%2Fwp%2Fv2%2Fcomments&post=692"}],"version-history":[{"count":1,"href":"https:\/\/buergerplattform-chemnitz-mitte.de\/index.php?rest_route=\/wp\/v2\/pages\/692\/revisions"}],"predecessor-version":[{"id":694,"href":"https:\/\/buergerplattform-chemnitz-mitte.de\/index.php?rest_route=\/wp\/v2\/pages\/692\/revisions\/694"}],"wp:attachment":[{"href":"https:\/\/buergerplattform-chemnitz-mitte.de\/index.php?rest_route=%2Fwp%2Fv2%2Fmedia&parent=692"}],"curies":[{"name":"wp","href":"https:\/\/api.w.org\/{rel}","templated":true}]}}