{"id":952,"date":"2020-04-01T08:05:36","date_gmt":"2020-04-01T06:05:36","guid":{"rendered":"https:\/\/buergerplattform-chemnitz-mitte.de\/?page_id=952"},"modified":"2020-04-01T08:05:37","modified_gmt":"2020-04-01T06:05:37","slug":"stueck-zum-glueck","status":"publish","type":"page","link":"https:\/\/buergerplattform-chemnitz-mitte.de\/?page_id=952","title":{"rendered":"St\u00fcck zum Gl\u00fcck"},"content":{"rendered":"\n<p>Die Aktion Mensch baut in Kooperation mit Rewe und Procter &amp; Gamble innerhalb von drei Jahren inklusive Spielpl\u00e4tze in der gesamten Bundesrepublik Deutschland. Das Besondere: Auf einem inklusiven Spielplatz k\u00f6nnen Kinder mit und ohne Behinderung spielen. Inklusion wird auf diese Weise fr\u00fch gelebt und l\u00e4sst Barrieren im Kopf erst gar nicht entstehen. Die Spielger\u00e4te und der Bodenbelag des inklusiven Spielplatzes unterscheiden sich von einem herk\u00f6mmlichen Spielplatz. Die Spielger\u00e4te sind darauf ausgelegt die individuellen F\u00e4higkeiten aller Kinder zu f\u00f6rdern. Ziel ist die Inklusion von Kindern mit Behinderung und ein soziales Miteinander.<\/p>\n\n\n\n<p>Der Lebenshilfe Chemnitz e.V. ist es gelungen das F\u00f6rderprojekt nach Chemnitz zu holen. Der geplante Standort befindet sich im \u00f6ffentlich zug\u00e4nglichen Wohnpark Lebens(t)r\u00e4ume \u2013 ein innerst\u00e4dtisches Wohnprojekt f\u00fcr Menschen mit und ohne Behinderung aus mehreren Generationen.<\/p>\n\n\n\n<p>Der Standort in Altchemnitz ist in unmittelbarer N\u00e4he zum Stadtpark gelegen. \u00dcber die g\u00fcnstige Nahverkehrsanbindung kann das Stadtzentrum von Chemnitz in 15 Minuten erreicht werden.<\/p>\n\n\n\n<p>Der barrierearme Spielplatz f\u00fchrt zu einer Bereicherung des Freizeitangebotes f\u00fcr Familien im Stadtteil Altchemnitz und damit zu einer Verbesserung der Lebensbedingungen f\u00fcr diese. Der Stadtteil wird als Wohnstadtteil f\u00fcr Familien attraktiver.<\/p>\n\n\n\n<p>Der inklusive Spielplatz ist nicht nur f\u00fcr Kinder mit und ohne Behinderung interessant, sondern auch f\u00fcr die Begleitpersonen der spielenden Kinder, da auf dem besonderen Fallschutzboden auch Begleitpersonen im Rollstuhl oder mit einem Rollator ohne Schwierigkeiten die Spielfl\u00e4che betreten bzw. befahren k\u00f6nnen. Folglich haben auch Eltern mit Behinderung die M\u00f6glichkeit gemeinsam mit ihren Kindern auf dem Spielplatz zu spielen.<\/p>\n\n\n\n<p>Zeitraum: 2. Halbjahr 2020<\/p>\n\n\n\n<p>F\u00f6rderung durch die B\u00fcrgerplattform Chemnitz-Mitte in H\u00f6he von 1.725,50 Euro.<\/p>\n","protected":false},"excerpt":{"rendered":"<p>Die Aktion Mensch baut in Kooperation mit Rewe und Procter &amp; Gamble innerhalb von drei Jahren inklusive Spielpl\u00e4tze in der gesamten Bundesrepublik Deutschland. Das Besondere: Auf einem inklusiven Spielplatz k\u00f6nnen Kinder mit und ohne Behinderung spielen. Inklusion wird auf diese<\/p>\n","protected":false},"author":1,"featured_media":0,"parent":0,"menu_order":0,"comment_status":"closed","ping_status":"closed","template":"","meta":{"footnotes":""},"class_list":["post-952","page","type-page","status-publish","hentry"],"_links":{"self":[{"href":"https:\/\/buergerplattform-chemnitz-mitte.de\/index.php?rest_route=\/wp\/v2\/pages\/952","targetHints":{"allow":["GET"]}}],"collection":[{"href":"https:\/\/buergerplattform-chemnitz-mitte.de\/index.php?rest_route=\/wp\/v2\/pages"}],"about":[{"href":"https:\/\/buergerplattform-chemnitz-mitte.de\/index.php?rest_route=\/wp\/v2\/types\/page"}],"author":[{"embeddable":true,"href":"https:\/\/buergerplattform-chemnitz-mitte.de\/index.php?rest_route=\/wp\/v2\/users\/1"}],"replies":[{"embeddable":true,"href":"https:\/\/buergerplattform-chemnitz-mitte.de\/index.php?rest_route=%2Fwp%2Fv2%2Fcomments&post=952"}],"version-history":[{"count":1,"href":"https:\/\/buergerplattform-chemnitz-mitte.de\/index.php?rest_route=\/wp\/v2\/pages\/952\/revisions"}],"predecessor-version":[{"id":954,"href":"https:\/\/buergerplattform-chemnitz-mitte.de\/index.php?rest_route=\/wp\/v2\/pages\/952\/revisions\/954"}],"wp:attachment":[{"href":"https:\/\/buergerplattform-chemnitz-mitte.de\/index.php?rest_route=%2Fwp%2Fv2%2Fmedia&parent=952"}],"curies":[{"name":"wp","href":"https:\/\/api.w.org\/{rel}","templated":true}]}}