{"id":956,"date":"2020-04-01T08:11:14","date_gmt":"2020-04-01T06:11:14","guid":{"rendered":"https:\/\/buergerplattform-chemnitz-mitte.de\/?page_id=956"},"modified":"2020-04-01T08:11:15","modified_gmt":"2020-04-01T06:11:15","slug":"fahrrad-servicestation-fuer-den-bruehl","status":"publish","type":"page","link":"https:\/\/buergerplattform-chemnitz-mitte.de\/?page_id=956","title":{"rendered":"Fahrrad-Servicestation f\u00fcr den Br\u00fchl"},"content":{"rendered":"\n<p>Ab Mai 2020 soll auf dem Br\u00fchl-Boulevard (\u00f6ffentliche Fl\u00e4che vor dem Studi-Wohnen Br\u00fchl 65) eine Fahrrad-Servicestation aufgestellt werden.<\/p>\n\n\n\n<p>Initiator*innen des Projektes sind die Aktiven des Br\u00fchlgremiums.<\/p>\n\n\n\n<p>Im Br\u00fchlgremium erfolgt der Austausch zur Gestaltung des Br\u00fchls, das Entwickeln und gemeinsame Umsetzen von Ideen und Projekten, von Aktivit\u00e4ten und Veranstaltungen f\u00fcr den Kiez, als Impulsgeber und Mitgestalter. Mitmachen und einbringen d\u00fcrfen sich alle Interessierten.<\/p>\n\n\n\n<p>Auch in Chemnitz sind zunehmend Menschen mit dem Fahrrad mobil. Ob nun auf&nbsp; dem Arbeitsweg oder in der Freizeit, eine Panne ist immer \u00e4rgerlich und oft hat man das passende Werkzeug nicht zur Hand. Ob kleinere Reparatur oder zu wenig Luft im Reifen, dank einer Service- und Reparaturstation mit den g\u00e4ngigsten Werkzeugen zur freien Verwendung wird eine praktische Dienstleistung auf dem Br\u00fchl-Boulevard f\u00fcr Fahrradfahrer*innen angeboten. Die Patenschaft und Pflege der Station wird durch die Bewohner*innen Br\u00fchl 63 gew\u00e4hrleistet.<\/p>\n\n\n\n<p>Zeitraum: Mai 2020<\/p>\n\n\n\n<p>F\u00f6rderung durch die B\u00fcrgerplattform Chemnitz-Mitte in H\u00f6he von 1.493,51 Euro.<\/p>\n","protected":false},"excerpt":{"rendered":"<p>Ab Mai 2020 soll auf dem Br\u00fchl-Boulevard (\u00f6ffentliche Fl\u00e4che vor dem Studi-Wohnen Br\u00fchl 65) eine Fahrrad-Servicestation aufgestellt werden. Initiator*innen des Projektes sind die Aktiven des Br\u00fchlgremiums. Im Br\u00fchlgremium erfolgt der Austausch zur Gestaltung des Br\u00fchls, das Entwickeln und gemeinsame Umsetzen<\/p>\n","protected":false},"author":1,"featured_media":0,"parent":0,"menu_order":0,"comment_status":"closed","ping_status":"closed","template":"","meta":{"footnotes":""},"class_list":["post-956","page","type-page","status-publish","hentry"],"_links":{"self":[{"href":"https:\/\/buergerplattform-chemnitz-mitte.de\/index.php?rest_route=\/wp\/v2\/pages\/956","targetHints":{"allow":["GET"]}}],"collection":[{"href":"https:\/\/buergerplattform-chemnitz-mitte.de\/index.php?rest_route=\/wp\/v2\/pages"}],"about":[{"href":"https:\/\/buergerplattform-chemnitz-mitte.de\/index.php?rest_route=\/wp\/v2\/types\/page"}],"author":[{"embeddable":true,"href":"https:\/\/buergerplattform-chemnitz-mitte.de\/index.php?rest_route=\/wp\/v2\/users\/1"}],"replies":[{"embeddable":true,"href":"https:\/\/buergerplattform-chemnitz-mitte.de\/index.php?rest_route=%2Fwp%2Fv2%2Fcomments&post=956"}],"version-history":[{"count":1,"href":"https:\/\/buergerplattform-chemnitz-mitte.de\/index.php?rest_route=\/wp\/v2\/pages\/956\/revisions"}],"predecessor-version":[{"id":958,"href":"https:\/\/buergerplattform-chemnitz-mitte.de\/index.php?rest_route=\/wp\/v2\/pages\/956\/revisions\/958"}],"wp:attachment":[{"href":"https:\/\/buergerplattform-chemnitz-mitte.de\/index.php?rest_route=%2Fwp%2Fv2%2Fmedia&parent=956"}],"curies":[{"name":"wp","href":"https:\/\/api.w.org\/{rel}","templated":true}]}}