{"id":959,"date":"2020-04-01T08:13:44","date_gmt":"2020-04-01T06:13:44","guid":{"rendered":"https:\/\/buergerplattform-chemnitz-mitte.de\/?page_id=959"},"modified":"2020-04-01T08:13:45","modified_gmt":"2020-04-01T06:13:45","slug":"gesundheit-fuer-alle","status":"publish","type":"page","link":"https:\/\/buergerplattform-chemnitz-mitte.de\/?page_id=959","title":{"rendered":"Gesundheit f\u00fcr Alle"},"content":{"rendered":"\n<p>W\u00e4hrend es in anderen deutschen St\u00e4dten teilweise seit Jahren Medinetze gibt, befindet sich in Chemnitz diese Struktur gerade erst im Aufbau. Mit Hilfe eines Vernetzungstreffen und der Wissensvermittlung durch Vortragende hofft der in Gr\u00fcndung befindliche Verein Medib\u00fcro Chemnitz seine Struktur organisatorisch und inhaltlich zu st\u00e4rken, um so zuk\u00fcnftig in Chemnitz aktiv sein zu k\u00f6nnen.<\/p>\n\n\n\n<p>Medinetze\/Medib\u00fcros sind NGOs, die sich f\u00fcr die medizinische Versorgung von Menschen au\u00dferhalb des Krankenversicherungssystems einsetzen. Dabei vermitteln sie anonym und kostenlos medizinische Hilfe. Auf politischer Ebene fordern sie einen freien Zugang zum Gesundheitssystem oder einen anonymen Krankenschein.<\/p>\n\n\n\n<p>Im Rahmen des Vernetzungstreffens Ostdeutscher Medi-B\u00fcros sind Fachvortr\u00e4ge geplant. Das Treffen wird voraussichtlich im Subbotnik, Vetterstra\u00dfe 34a stattfinden.<\/p>\n\n\n\n<p>Zeitraum: Mai\/Juni 2020<\/p>\n\n\n\n<p>F\u00f6rderung durch die B\u00fcrgerplattform Chemnitz-Mitte in H\u00f6he von 750,00 Euro.<\/p>\n","protected":false},"excerpt":{"rendered":"<p>W\u00e4hrend es in anderen deutschen St\u00e4dten teilweise seit Jahren Medinetze gibt, befindet sich in Chemnitz diese Struktur gerade erst im Aufbau. Mit Hilfe eines Vernetzungstreffen und der Wissensvermittlung durch Vortragende hofft der in Gr\u00fcndung befindliche Verein Medib\u00fcro Chemnitz seine Struktur<\/p>\n","protected":false},"author":1,"featured_media":0,"parent":0,"menu_order":0,"comment_status":"closed","ping_status":"closed","template":"","meta":{"footnotes":""},"class_list":["post-959","page","type-page","status-publish","hentry"],"_links":{"self":[{"href":"https:\/\/buergerplattform-chemnitz-mitte.de\/index.php?rest_route=\/wp\/v2\/pages\/959","targetHints":{"allow":["GET"]}}],"collection":[{"href":"https:\/\/buergerplattform-chemnitz-mitte.de\/index.php?rest_route=\/wp\/v2\/pages"}],"about":[{"href":"https:\/\/buergerplattform-chemnitz-mitte.de\/index.php?rest_route=\/wp\/v2\/types\/page"}],"author":[{"embeddable":true,"href":"https:\/\/buergerplattform-chemnitz-mitte.de\/index.php?rest_route=\/wp\/v2\/users\/1"}],"replies":[{"embeddable":true,"href":"https:\/\/buergerplattform-chemnitz-mitte.de\/index.php?rest_route=%2Fwp%2Fv2%2Fcomments&post=959"}],"version-history":[{"count":1,"href":"https:\/\/buergerplattform-chemnitz-mitte.de\/index.php?rest_route=\/wp\/v2\/pages\/959\/revisions"}],"predecessor-version":[{"id":961,"href":"https:\/\/buergerplattform-chemnitz-mitte.de\/index.php?rest_route=\/wp\/v2\/pages\/959\/revisions\/961"}],"wp:attachment":[{"href":"https:\/\/buergerplattform-chemnitz-mitte.de\/index.php?rest_route=%2Fwp%2Fv2%2Fmedia&parent=959"}],"curies":[{"name":"wp","href":"https:\/\/api.w.org\/{rel}","templated":true}]}}