{"id":963,"date":"2020-04-01T08:32:25","date_gmt":"2020-04-01T06:32:25","guid":{"rendered":"https:\/\/buergerplattform-chemnitz-mitte.de\/?page_id=963"},"modified":"2020-04-01T08:32:26","modified_gmt":"2020-04-01T06:32:26","slug":"muell-fuer-unsere-voegel","status":"publish","type":"page","link":"https:\/\/buergerplattform-chemnitz-mitte.de\/?page_id=963","title":{"rendered":"M\u00fcll f\u00fcr unsere V\u00f6gel?"},"content":{"rendered":"\n<p>Ein Upcycling Projekt mit Kindern und Jugendlichen im Kinder- und Jugendklub B-Plan in Kooperation mit Donna Quijote (Upcycling Expertin).<\/p>\n\n\n\n<p>In den Februarferien 2020 werden die Kinder und Jugendlichen aus anfallendem M\u00fcll, bspw. Dosen und Bechern und Toilettenpapierrollen, Futterstellen f\u00fcr V\u00f6gel bauen. Auch das Vogelfutter hierf\u00fcr wird selbstgemacht.<\/p>\n\n\n\n<p>Die Bewerbung des Upcyclingprojektes beim Chemnitzer Umweltpreis 2020 ist geplant.<\/p>\n\n\n\n<p>Zeitraum: 10. \u2013 12. Februar 2020<\/p>\n\n\n\n<p>F\u00f6rderung durch die B\u00fcrgerplattform Chemnitz-Mitte in H\u00f6he von 220,00 Euro.<\/p>\n","protected":false},"excerpt":{"rendered":"<p>Ein Upcycling Projekt mit Kindern und Jugendlichen im Kinder- und Jugendklub B-Plan in Kooperation mit Donna Quijote (Upcycling Expertin). In den Februarferien 2020 werden die Kinder und Jugendlichen aus anfallendem M\u00fcll, bspw. Dosen und Bechern und Toilettenpapierrollen, Futterstellen f\u00fcr V\u00f6gel<\/p>\n","protected":false},"author":1,"featured_media":0,"parent":0,"menu_order":0,"comment_status":"closed","ping_status":"closed","template":"","meta":{"footnotes":""},"class_list":["post-963","page","type-page","status-publish","hentry"],"_links":{"self":[{"href":"https:\/\/buergerplattform-chemnitz-mitte.de\/index.php?rest_route=\/wp\/v2\/pages\/963","targetHints":{"allow":["GET"]}}],"collection":[{"href":"https:\/\/buergerplattform-chemnitz-mitte.de\/index.php?rest_route=\/wp\/v2\/pages"}],"about":[{"href":"https:\/\/buergerplattform-chemnitz-mitte.de\/index.php?rest_route=\/wp\/v2\/types\/page"}],"author":[{"embeddable":true,"href":"https:\/\/buergerplattform-chemnitz-mitte.de\/index.php?rest_route=\/wp\/v2\/users\/1"}],"replies":[{"embeddable":true,"href":"https:\/\/buergerplattform-chemnitz-mitte.de\/index.php?rest_route=%2Fwp%2Fv2%2Fcomments&post=963"}],"version-history":[{"count":1,"href":"https:\/\/buergerplattform-chemnitz-mitte.de\/index.php?rest_route=\/wp\/v2\/pages\/963\/revisions"}],"predecessor-version":[{"id":965,"href":"https:\/\/buergerplattform-chemnitz-mitte.de\/index.php?rest_route=\/wp\/v2\/pages\/963\/revisions\/965"}],"wp:attachment":[{"href":"https:\/\/buergerplattform-chemnitz-mitte.de\/index.php?rest_route=%2Fwp%2Fv2%2Fmedia&parent=963"}],"curies":[{"name":"wp","href":"https:\/\/api.w.org\/{rel}","templated":true}]}}